{"id":3736,"date":"2022-12-21T23:21:58","date_gmt":"2022-12-21T22:21:58","guid":{"rendered":"https:\/\/emhuisken.de\/wordpress\/?post_type=product&#038;p=3736"},"modified":"2022-12-21T23:34:29","modified_gmt":"2022-12-21T22:34:29","slug":"ueber-die-notwendigkeit-des-weltunterganges-sonderheft-3-die-lahnung","status":"publish","type":"product","link":"https:\/\/emhuisken.de\/wordpress\/produkt\/ueber-die-notwendigkeit-des-weltunterganges-sonderheft-3-die-lahnung\/","title":{"rendered":"\u00dcber die Notwendigkeit des Weltunterganges \u2013 Sonderheft 3 DIE LAHNUNG"},"content":{"rendered":"<p class=\"western\"><\/p>\r\n<p><strong>Aus der Vorbemerkung:<\/strong> In unserer Zeit h\u00e4ufen sich die Stimmen, die ein grunds\u00e4tzliches Umdenken fordern, eine ganz neue Grundlage f\u00fcr die Gestaltung des \u00e4u\u00dferen Lebens der Menschen. Die alte Art, dar\u00fcber zu denken, sei abgelebt und zeige ja an ihren Folgen, dass sie den Anforderungen, die mit dem Ziel eines menschenw\u00fcrdigen Lebens f\u00fcr alle verbunden sind, nicht gerecht werden k\u00f6nne.<\/p>\r\n<p class=\"western\">\r\n\r\n<\/p>\r\n<p>Einer solchen Auffassung kann man ja nur zustimmen. Dass das alte Denken und die daraus hervorgegangene Einrichtung des Lebens nicht mehr taugt, ist offensichtlich. Allein die Frage, wie denn so ein grunds\u00e4tzliches Umdenken m\u00f6glich wird, findet in all den Beteuerungen seiner Notwendigkeit kaum eine Antwort.<\/p>\r\n<p class=\"western\">\r\n\r\n<\/p>\r\n<p>Die alte Art der Weltgestaltung hat abgelebt, also gehen wir daran, eine neue, dem Menschen und seinem Geist gem\u00e4\u00dfe aufzubauen. Einen Beitrag, vielleicht <em>den entscheidenden <\/em>Beitrag dazu lieferte Rudolf Steiner mit dem Aufbau der anthroposophischen Geisteswissenschaft. Kaum ein Kulturimpuls der neueren Zeit ist so entschieden von den Vertretern des \u00fcberkommenen Wissenschaftsbetriebes ebenso wie von christlichen und anderen Religionsgemeinschaften abgelehnt und bek\u00e4mpft worden \u2013 und wird es noch. Man sieht daran: nichts ist den Menschen so unbequem, ja unannehmbar, wie die Forderung, sich selbst und seine Art des Umganges mit der Welt radikal in Frage zu stellen und neu zu gestalten; genau darum ging es aber Rudolf Steiner. Ein Aufsatz von Stefan Carl em Huisken<\/p>","protected":false},"excerpt":{"rendered":"<p>Wie k\u00f6nnen wir mit dem drohenden, menschengemachten Weltuntergang umgehen? Gibt es ein Umdenken? Heft 16 Seiten DIN A5, Drahtheftung, \u20ac 5,00<\/p>\n","protected":false},"featured_media":3738,"comment_status":"open","ping_status":"closed","template":"","meta":[],"product_brand":[],"product_cat":[37],"product_tag":[],"class_list":{"0":"post-3736","1":"product","2":"type-product","3":"status-publish","4":"has-post-thumbnail","6":"product_cat-druckerzeugnisse","7":"product_shipping_class-leicht","9":"first","10":"instock","11":"shipping-taxable","12":"purchasable","13":"product-type-simple"},"yoast_head":"<!-- This site is optimized with the Yoast SEO plugin v27.4 - https:\/\/yoast.com\/product\/yoast-seo-wordpress\/ -->\n<title>Sonderheft 3 DIE LAHNUNG \u2013 Weltuntergang<\/title>\n<meta name=\"description\" content=\"DIE LAHNUNG Sonderheft 3: \u00dcber die Notwendigkeit des Weltunterganges. 16 Seiten, DIN A5, Drahtheftung\" \/>\n<meta name=\"robots\" content=\"index, follow, max-snippet:-1, max-image-preview:large, max-video-preview:-1\" \/>\n<link rel=\"canonical\" href=\"https:\/\/emhuisken.de\/wordpress\/produkt\/ueber-die-notwendigkeit-des-weltunterganges-sonderheft-3-die-lahnung\/\" \/>\n<meta property=\"og:locale\" content=\"de_DE\" \/>\n<meta property=\"og:type\" content=\"article\" \/>\n<meta property=\"og:title\" content=\"Sonderheft 3 DIE LAHNUNG \u2013 Weltuntergang\" \/>\n<meta property=\"og:description\" content=\"DIE LAHNUNG Sonderheft 3: \u00dcber die Notwendigkeit des Weltunterganges. 16 Seiten, DIN A5, Drahtheftung\" \/>\n<meta property=\"og:url\" content=\"https:\/\/emhuisken.de\/wordpress\/produkt\/ueber-die-notwendigkeit-des-weltunterganges-sonderheft-3-die-lahnung\/\" \/>\n<meta property=\"og:site_name\" content=\"Musik \u2013 Wort \u2013 Geisteswissenschaft\" \/>\n<meta property=\"article:modified_time\" content=\"2022-12-21T22:34:29+00:00\" \/>\n<meta property=\"og:image\" content=\"https:\/\/emhuisken.de\/wordpress\/wp-content\/uploads\/2022\/12\/SO_3_Ueber-die-Notwendigkeit-des-Weltunterganges_Titel.jpg\" \/>\n\t<meta property=\"og:image:width\" content=\"606\" \/>\n\t<meta property=\"og:image:height\" content=\"850\" \/>\n\t<meta property=\"og:image:type\" content=\"image\/jpeg\" \/>\n<meta name=\"twitter:card\" content=\"summary_large_image\" \/>\n<meta name=\"twitter:label1\" content=\"Gesch\u00e4tzte Lesezeit\" \/>\n\t<meta name=\"twitter:data1\" content=\"2\u00a0Minuten\" \/>\n<script type=\"application\/ld+json\" class=\"yoast-schema-graph\">{\"@context\":\"https:\\\/\\\/schema.org\",\"@graph\":[{\"@type\":\"WebPage\",\"@id\":\"https:\\\/\\\/emhuisken.de\\\/wordpress\\\/produkt\\\/ueber-die-notwendigkeit-des-weltunterganges-sonderheft-3-die-lahnung\\\/\",\"url\":\"https:\\\/\\\/emhuisken.de\\\/wordpress\\\/produkt\\\/ueber-die-notwendigkeit-des-weltunterganges-sonderheft-3-die-lahnung\\\/\",\"name\":\"Sonderheft 3 DIE LAHNUNG \u2013 Weltuntergang\",\"isPartOf\":{\"@id\":\"https:\\\/\\\/emhuisken.de\\\/wordpress\\\/#website\"},\"primaryImageOfPage\":{\"@id\":\"https:\\\/\\\/emhuisken.de\\\/wordpress\\\/produkt\\\/ueber-die-notwendigkeit-des-weltunterganges-sonderheft-3-die-lahnung\\\/#primaryimage\"},\"image\":{\"@id\":\"https:\\\/\\\/emhuisken.de\\\/wordpress\\\/produkt\\\/ueber-die-notwendigkeit-des-weltunterganges-sonderheft-3-die-lahnung\\\/#primaryimage\"},\"thumbnailUrl\":\"https:\\\/\\\/emhuisken.de\\\/wordpress\\\/wp-content\\\/uploads\\\/2022\\\/12\\\/SO_3_Ueber-die-Notwendigkeit-des-Weltunterganges_Titel.jpg\",\"datePublished\":\"2022-12-21T22:21:58+00:00\",\"dateModified\":\"2022-12-21T22:34:29+00:00\",\"description\":\"DIE LAHNUNG Sonderheft 3: \u00dcber die Notwendigkeit des Weltunterganges. 16 Seiten, DIN A5, Drahtheftung\",\"breadcrumb\":{\"@id\":\"https:\\\/\\\/emhuisken.de\\\/wordpress\\\/produkt\\\/ueber-die-notwendigkeit-des-weltunterganges-sonderheft-3-die-lahnung\\\/#breadcrumb\"},\"inLanguage\":\"de\",\"potentialAction\":[{\"@type\":\"ReadAction\",\"target\":[\"https:\\\/\\\/emhuisken.de\\\/wordpress\\\/produkt\\\/ueber-die-notwendigkeit-des-weltunterganges-sonderheft-3-die-lahnung\\\/\"]}]},{\"@type\":\"ImageObject\",\"inLanguage\":\"de\",\"@id\":\"https:\\\/\\\/emhuisken.de\\\/wordpress\\\/produkt\\\/ueber-die-notwendigkeit-des-weltunterganges-sonderheft-3-die-lahnung\\\/#primaryimage\",\"url\":\"https:\\\/\\\/emhuisken.de\\\/wordpress\\\/wp-content\\\/uploads\\\/2022\\\/12\\\/SO_3_Ueber-die-Notwendigkeit-des-Weltunterganges_Titel.jpg\",\"contentUrl\":\"https:\\\/\\\/emhuisken.de\\\/wordpress\\\/wp-content\\\/uploads\\\/2022\\\/12\\\/SO_3_Ueber-die-Notwendigkeit-des-Weltunterganges_Titel.jpg\",\"width\":606,\"height\":850},{\"@type\":\"BreadcrumbList\",\"@id\":\"https:\\\/\\\/emhuisken.de\\\/wordpress\\\/produkt\\\/ueber-die-notwendigkeit-des-weltunterganges-sonderheft-3-die-lahnung\\\/#breadcrumb\",\"itemListElement\":[{\"@type\":\"ListItem\",\"position\":1,\"name\":\"Home\",\"item\":\"https:\\\/\\\/emhuisken.de\\\/wordpress\\\/\"},{\"@type\":\"ListItem\",\"position\":2,\"name\":\"Shop\",\"item\":\"https:\\\/\\\/emhuisken.de\\\/wordpress\\\/shop\\\/\"},{\"@type\":\"ListItem\",\"position\":3,\"name\":\"\u00dcber die Notwendigkeit des Weltunterganges \u2013 Sonderheft 3 DIE LAHNUNG\"}]},{\"@type\":\"WebSite\",\"@id\":\"https:\\\/\\\/emhuisken.de\\\/wordpress\\\/#website\",\"url\":\"https:\\\/\\\/emhuisken.de\\\/wordpress\\\/\",\"name\":\"Musik \u2013 Wort \u2013 Geisteswissenschaft\",\"description\":\"Ton-, Wort-, Gedankenkunst\",\"publisher\":{\"@id\":\"https:\\\/\\\/emhuisken.de\\\/wordpress\\\/#organization\"},\"potentialAction\":[{\"@type\":\"SearchAction\",\"target\":{\"@type\":\"EntryPoint\",\"urlTemplate\":\"https:\\\/\\\/emhuisken.de\\\/wordpress\\\/?s={search_term_string}\"},\"query-input\":{\"@type\":\"PropertyValueSpecification\",\"valueRequired\":true,\"valueName\":\"search_term_string\"}}],\"inLanguage\":\"de\"},{\"@type\":\"Organization\",\"@id\":\"https:\\\/\\\/emhuisken.de\\\/wordpress\\\/#organization\",\"name\":\"Musik \u2013 Wort \u2013 Geisteswissenschaft\",\"url\":\"https:\\\/\\\/emhuisken.de\\\/wordpress\\\/\",\"logo\":{\"@type\":\"ImageObject\",\"inLanguage\":\"de\",\"@id\":\"https:\\\/\\\/emhuisken.de\\\/wordpress\\\/#\\\/schema\\\/logo\\\/image\\\/\",\"url\":\"https:\\\/\\\/emhuisken.de\\\/wordpress\\\/wp-content\\\/uploads\\\/2014\\\/10\\\/eh_logo_schatten_240x66-1.png\",\"contentUrl\":\"https:\\\/\\\/emhuisken.de\\\/wordpress\\\/wp-content\\\/uploads\\\/2014\\\/10\\\/eh_logo_schatten_240x66-1.png\",\"width\":240,\"height\":66,\"caption\":\"Musik \u2013 Wort \u2013 Geisteswissenschaft\"},\"image\":{\"@id\":\"https:\\\/\\\/emhuisken.de\\\/wordpress\\\/#\\\/schema\\\/logo\\\/image\\\/\"}}]}<\/script>\n<!-- \/ Yoast SEO plugin. -->","yoast_head_json":{"title":"Sonderheft 3 DIE LAHNUNG \u2013 Weltuntergang","description":"DIE LAHNUNG Sonderheft 3: \u00dcber die Notwendigkeit des Weltunterganges. 16 Seiten, DIN A5, Drahtheftung","robots":{"index":"index","follow":"follow","max-snippet":"max-snippet:-1","max-image-preview":"max-image-preview:large","max-video-preview":"max-video-preview:-1"},"canonical":"https:\/\/emhuisken.de\/wordpress\/produkt\/ueber-die-notwendigkeit-des-weltunterganges-sonderheft-3-die-lahnung\/","og_locale":"de_DE","og_type":"article","og_title":"Sonderheft 3 DIE LAHNUNG \u2013 Weltuntergang","og_description":"DIE LAHNUNG Sonderheft 3: \u00dcber die Notwendigkeit des Weltunterganges. 16 Seiten, DIN A5, Drahtheftung","og_url":"https:\/\/emhuisken.de\/wordpress\/produkt\/ueber-die-notwendigkeit-des-weltunterganges-sonderheft-3-die-lahnung\/","og_site_name":"Musik \u2013 Wort \u2013 Geisteswissenschaft","article_modified_time":"2022-12-21T22:34:29+00:00","og_image":[{"width":606,"height":850,"url":"https:\/\/emhuisken.de\/wordpress\/wp-content\/uploads\/2022\/12\/SO_3_Ueber-die-Notwendigkeit-des-Weltunterganges_Titel.jpg","type":"image\/jpeg"}],"twitter_card":"summary_large_image","twitter_misc":{"Gesch\u00e4tzte Lesezeit":"2\u00a0Minuten"},"schema":{"@context":"https:\/\/schema.org","@graph":[{"@type":"WebPage","@id":"https:\/\/emhuisken.de\/wordpress\/produkt\/ueber-die-notwendigkeit-des-weltunterganges-sonderheft-3-die-lahnung\/","url":"https:\/\/emhuisken.de\/wordpress\/produkt\/ueber-die-notwendigkeit-des-weltunterganges-sonderheft-3-die-lahnung\/","name":"Sonderheft 3 DIE LAHNUNG \u2013 Weltuntergang","isPartOf":{"@id":"https:\/\/emhuisken.de\/wordpress\/#website"},"primaryImageOfPage":{"@id":"https:\/\/emhuisken.de\/wordpress\/produkt\/ueber-die-notwendigkeit-des-weltunterganges-sonderheft-3-die-lahnung\/#primaryimage"},"image":{"@id":"https:\/\/emhuisken.de\/wordpress\/produkt\/ueber-die-notwendigkeit-des-weltunterganges-sonderheft-3-die-lahnung\/#primaryimage"},"thumbnailUrl":"https:\/\/emhuisken.de\/wordpress\/wp-content\/uploads\/2022\/12\/SO_3_Ueber-die-Notwendigkeit-des-Weltunterganges_Titel.jpg","datePublished":"2022-12-21T22:21:58+00:00","dateModified":"2022-12-21T22:34:29+00:00","description":"DIE LAHNUNG Sonderheft 3: \u00dcber die Notwendigkeit des Weltunterganges. 16 Seiten, DIN A5, Drahtheftung","breadcrumb":{"@id":"https:\/\/emhuisken.de\/wordpress\/produkt\/ueber-die-notwendigkeit-des-weltunterganges-sonderheft-3-die-lahnung\/#breadcrumb"},"inLanguage":"de","potentialAction":[{"@type":"ReadAction","target":["https:\/\/emhuisken.de\/wordpress\/produkt\/ueber-die-notwendigkeit-des-weltunterganges-sonderheft-3-die-lahnung\/"]}]},{"@type":"ImageObject","inLanguage":"de","@id":"https:\/\/emhuisken.de\/wordpress\/produkt\/ueber-die-notwendigkeit-des-weltunterganges-sonderheft-3-die-lahnung\/#primaryimage","url":"https:\/\/emhuisken.de\/wordpress\/wp-content\/uploads\/2022\/12\/SO_3_Ueber-die-Notwendigkeit-des-Weltunterganges_Titel.jpg","contentUrl":"https:\/\/emhuisken.de\/wordpress\/wp-content\/uploads\/2022\/12\/SO_3_Ueber-die-Notwendigkeit-des-Weltunterganges_Titel.jpg","width":606,"height":850},{"@type":"BreadcrumbList","@id":"https:\/\/emhuisken.de\/wordpress\/produkt\/ueber-die-notwendigkeit-des-weltunterganges-sonderheft-3-die-lahnung\/#breadcrumb","itemListElement":[{"@type":"ListItem","position":1,"name":"Home","item":"https:\/\/emhuisken.de\/wordpress\/"},{"@type":"ListItem","position":2,"name":"Shop","item":"https:\/\/emhuisken.de\/wordpress\/shop\/"},{"@type":"ListItem","position":3,"name":"\u00dcber die Notwendigkeit des Weltunterganges \u2013 Sonderheft 3 DIE LAHNUNG"}]},{"@type":"WebSite","@id":"https:\/\/emhuisken.de\/wordpress\/#website","url":"https:\/\/emhuisken.de\/wordpress\/","name":"Musik \u2013 Wort \u2013 Geisteswissenschaft","description":"Ton-, Wort-, Gedankenkunst","publisher":{"@id":"https:\/\/emhuisken.de\/wordpress\/#organization"},"potentialAction":[{"@type":"SearchAction","target":{"@type":"EntryPoint","urlTemplate":"https:\/\/emhuisken.de\/wordpress\/?s={search_term_string}"},"query-input":{"@type":"PropertyValueSpecification","valueRequired":true,"valueName":"search_term_string"}}],"inLanguage":"de"},{"@type":"Organization","@id":"https:\/\/emhuisken.de\/wordpress\/#organization","name":"Musik \u2013 Wort \u2013 Geisteswissenschaft","url":"https:\/\/emhuisken.de\/wordpress\/","logo":{"@type":"ImageObject","inLanguage":"de","@id":"https:\/\/emhuisken.de\/wordpress\/#\/schema\/logo\/image\/","url":"https:\/\/emhuisken.de\/wordpress\/wp-content\/uploads\/2014\/10\/eh_logo_schatten_240x66-1.png","contentUrl":"https:\/\/emhuisken.de\/wordpress\/wp-content\/uploads\/2014\/10\/eh_logo_schatten_240x66-1.png","width":240,"height":66,"caption":"Musik \u2013 Wort \u2013 Geisteswissenschaft"},"image":{"@id":"https:\/\/emhuisken.de\/wordpress\/#\/schema\/logo\/image\/"}}]}},"_links":{"self":[{"href":"https:\/\/emhuisken.de\/wordpress\/wp-json\/wp\/v2\/product\/3736","targetHints":{"allow":["GET"]}}],"collection":[{"href":"https:\/\/emhuisken.de\/wordpress\/wp-json\/wp\/v2\/product"}],"about":[{"href":"https:\/\/emhuisken.de\/wordpress\/wp-json\/wp\/v2\/types\/product"}],"replies":[{"embeddable":true,"href":"https:\/\/emhuisken.de\/wordpress\/wp-json\/wp\/v2\/comments?post=3736"}],"wp:featuredmedia":[{"embeddable":true,"href":"https:\/\/emhuisken.de\/wordpress\/wp-json\/wp\/v2\/media\/3738"}],"wp:attachment":[{"href":"https:\/\/emhuisken.de\/wordpress\/wp-json\/wp\/v2\/media?parent=3736"}],"wp:term":[{"taxonomy":"product_brand","embeddable":true,"href":"https:\/\/emhuisken.de\/wordpress\/wp-json\/wp\/v2\/product_brand?post=3736"},{"taxonomy":"product_cat","embeddable":true,"href":"https:\/\/emhuisken.de\/wordpress\/wp-json\/wp\/v2\/product_cat?post=3736"},{"taxonomy":"product_tag","embeddable":true,"href":"https:\/\/emhuisken.de\/wordpress\/wp-json\/wp\/v2\/product_tag?post=3736"}],"curies":[{"name":"wp","href":"https:\/\/api.w.org\/{rel}","templated":true}]}}