{"id":2650,"date":"2021-04-29T22:07:10","date_gmt":"2021-04-29T21:07:10","guid":{"rendered":"https:\/\/emhuisken.de\/wordpress\/?post_type=product&#038;p=2650"},"modified":"2022-10-12T22:41:32","modified_gmt":"2022-10-12T21:41:32","slug":"wahnsinn-und-denken-der-kampf-um-den-menschen","status":"publish","type":"product","link":"https:\/\/emhuisken.de\/wordpress\/produkt\/wahnsinn-und-denken-der-kampf-um-den-menschen\/","title":{"rendered":"Wahnsinn und Denken \u2013 Der Kampf um den Menschen"},"content":{"rendered":"<p>Wahnsinn und Denken \u2013 Der Kampf um den Menschen<\/p>\n<p>Hardcover, Fadenheftung, Format 148&#215;210 mm<br \/>\n116 Seiten, Verlag Ch. M\u00f6llmann, 1. Auflage 2021<\/p>\n<p>ISBN <span lang=\"zxx\"><span lang=\"de-DE\">978-3-89979-<\/span><\/span><span lang=\"zxx\"><span lang=\"de-DE\">335-2<\/span><\/span><\/p>\n<p>N\u00e4here Informationen <a href=\"https:\/\/emhuisken.de\/wahnsinn-und-denken-neues-buch-erscheint-in-kuerze\/\" target=\"_blank\" rel=\"noopener noreferrer\">=&gt; hier<\/a>.<\/p>\n","protected":false},"excerpt":{"rendered":"<p>Das Buch entstand aus dem Wunsch, der allgemeinen und zunehmenden Desorientierung und Verwirrung, die durch die Vorg\u00e4nge im Zusammenhang mit der sogenannten \u201eCorona-Pandemie\u201c ausgel\u00f6st wurde, einen klaren Denkweg entgegen zu stellen, der f\u00fcr jeden Menschen nachvollziehbar ist, ausgehend von unmittelbar erlebbaren Tatsachen. Nur so \u2013 war der Gedanke \u2013 kann zu einer Beurteilung der Ereignisse gefunden werden, die nicht nur eine weitere Theorie dem Streit der Parteien hinzuf\u00fcgt. Es musste daher von Grundtatsachen ausgegangen werden, die jeder einigerma\u00dfen Gutwillige unmittelbar und gleicherma\u00dfen einsehen kann.<\/p>\n<p>Verlag Ch. M\u00f6llmann, Fadenheftung, Hardcover, 116 Seiten, ISBN <span lang=\"zxx\"><span lang=\"de-DE\">978-3-89979-<\/span><\/span><span lang=\"zxx\"><span lang=\"de-DE\">335-2<\/span><\/span><\/p>\n","protected":false},"featured_media":2646,"comment_status":"open","ping_status":"closed","template":"","meta":[],"product_brand":[],"product_cat":[37],"product_tag":[296,378,381,380,379,295],"class_list":{"0":"post-2650","1":"product","2":"type-product","3":"status-publish","4":"has-post-thumbnail","6":"product_cat-druckerzeugnisse","7":"product_tag-buch","8":"product_tag-corona","9":"product_tag-denken","10":"product_tag-freiheit","11":"product_tag-mensch","12":"product_tag-texte","13":"product_shipping_class-normal","15":"first","16":"instock","17":"shipping-taxable","18":"purchasable","19":"product-type-simple"},"yoast_head":"<!-- This site is optimized with the Yoast SEO plugin v27.4 - https:\/\/yoast.com\/product\/yoast-seo-wordpress\/ -->\n<title>Wahnsinn und Denken \u2013 Der Kampf um den Menschen<\/title>\n<meta name=\"description\" content=\"Entstanden aus dem Wunsch, der zunehmenden allgemeinen Verwirrung einen klaren, f\u00fcr jeden Gutwilligen gangbaren Denkweg entgegen zu halten.\" \/>\n<meta name=\"robots\" content=\"index, follow, max-snippet:-1, max-image-preview:large, max-video-preview:-1\" \/>\n<link rel=\"canonical\" href=\"https:\/\/emhuisken.de\/wordpress\/produkt\/wahnsinn-und-denken-der-kampf-um-den-menschen\/\" \/>\n<meta property=\"og:locale\" content=\"de_DE\" \/>\n<meta property=\"og:type\" content=\"article\" \/>\n<meta property=\"og:title\" content=\"Wahnsinn und Denken \u2013 Der Kampf um den Menschen\" \/>\n<meta property=\"og:description\" content=\"Entstanden aus dem Wunsch, der zunehmenden allgemeinen Verwirrung einen klaren, f\u00fcr jeden Gutwilligen gangbaren Denkweg entgegen zu halten.\" \/>\n<meta property=\"og:url\" content=\"https:\/\/emhuisken.de\/wordpress\/produkt\/wahnsinn-und-denken-der-kampf-um-den-menschen\/\" \/>\n<meta property=\"og:site_name\" content=\"Musik \u2013 Wort \u2013 Geisteswissenschaft\" \/>\n<meta property=\"article:modified_time\" content=\"2022-10-12T21:41:32+00:00\" \/>\n<meta property=\"og:image\" content=\"https:\/\/emhuisken.de\/wordpress\/wp-content\/uploads\/2021\/04\/Cover_Wahnsinn_und_Denken_front-scaled.jpg\" \/>\n\t<meta property=\"og:image:width\" content=\"1727\" \/>\n\t<meta property=\"og:image:height\" content=\"2560\" \/>\n\t<meta property=\"og:image:type\" content=\"image\/jpeg\" \/>\n<meta name=\"twitter:card\" content=\"summary_large_image\" \/>\n<meta name=\"twitter:label1\" content=\"Gesch\u00e4tzte Lesezeit\" \/>\n\t<meta name=\"twitter:data1\" content=\"1\u00a0Minute\" \/>\n<script type=\"application\/ld+json\" class=\"yoast-schema-graph\">{\"@context\":\"https:\\\/\\\/schema.org\",\"@graph\":[{\"@type\":\"WebPage\",\"@id\":\"https:\\\/\\\/emhuisken.de\\\/wordpress\\\/produkt\\\/wahnsinn-und-denken-der-kampf-um-den-menschen\\\/\",\"url\":\"https:\\\/\\\/emhuisken.de\\\/wordpress\\\/produkt\\\/wahnsinn-und-denken-der-kampf-um-den-menschen\\\/\",\"name\":\"Wahnsinn und Denken \u2013 Der Kampf um den Menschen\",\"isPartOf\":{\"@id\":\"https:\\\/\\\/emhuisken.de\\\/wordpress\\\/#website\"},\"primaryImageOfPage\":{\"@id\":\"https:\\\/\\\/emhuisken.de\\\/wordpress\\\/produkt\\\/wahnsinn-und-denken-der-kampf-um-den-menschen\\\/#primaryimage\"},\"image\":{\"@id\":\"https:\\\/\\\/emhuisken.de\\\/wordpress\\\/produkt\\\/wahnsinn-und-denken-der-kampf-um-den-menschen\\\/#primaryimage\"},\"thumbnailUrl\":\"https:\\\/\\\/emhuisken.de\\\/wordpress\\\/wp-content\\\/uploads\\\/2021\\\/04\\\/Cover_Wahnsinn_und_Denken_front-scaled.jpg\",\"datePublished\":\"2021-04-29T21:07:10+00:00\",\"dateModified\":\"2022-10-12T21:41:32+00:00\",\"description\":\"Entstanden aus dem Wunsch, der zunehmenden allgemeinen Verwirrung einen klaren, f\u00fcr jeden Gutwilligen gangbaren Denkweg entgegen zu halten.\",\"breadcrumb\":{\"@id\":\"https:\\\/\\\/emhuisken.de\\\/wordpress\\\/produkt\\\/wahnsinn-und-denken-der-kampf-um-den-menschen\\\/#breadcrumb\"},\"inLanguage\":\"de\",\"potentialAction\":[{\"@type\":\"ReadAction\",\"target\":[\"https:\\\/\\\/emhuisken.de\\\/wordpress\\\/produkt\\\/wahnsinn-und-denken-der-kampf-um-den-menschen\\\/\"]}]},{\"@type\":\"ImageObject\",\"inLanguage\":\"de\",\"@id\":\"https:\\\/\\\/emhuisken.de\\\/wordpress\\\/produkt\\\/wahnsinn-und-denken-der-kampf-um-den-menschen\\\/#primaryimage\",\"url\":\"https:\\\/\\\/emhuisken.de\\\/wordpress\\\/wp-content\\\/uploads\\\/2021\\\/04\\\/Cover_Wahnsinn_und_Denken_front-scaled.jpg\",\"contentUrl\":\"https:\\\/\\\/emhuisken.de\\\/wordpress\\\/wp-content\\\/uploads\\\/2021\\\/04\\\/Cover_Wahnsinn_und_Denken_front-scaled.jpg\",\"width\":1727,\"height\":2560},{\"@type\":\"BreadcrumbList\",\"@id\":\"https:\\\/\\\/emhuisken.de\\\/wordpress\\\/produkt\\\/wahnsinn-und-denken-der-kampf-um-den-menschen\\\/#breadcrumb\",\"itemListElement\":[{\"@type\":\"ListItem\",\"position\":1,\"name\":\"Home\",\"item\":\"https:\\\/\\\/emhuisken.de\\\/wordpress\\\/\"},{\"@type\":\"ListItem\",\"position\":2,\"name\":\"Shop\",\"item\":\"https:\\\/\\\/emhuisken.de\\\/wordpress\\\/shop\\\/\"},{\"@type\":\"ListItem\",\"position\":3,\"name\":\"Wahnsinn und Denken \u2013 Der Kampf um den Menschen\"}]},{\"@type\":\"WebSite\",\"@id\":\"https:\\\/\\\/emhuisken.de\\\/wordpress\\\/#website\",\"url\":\"https:\\\/\\\/emhuisken.de\\\/wordpress\\\/\",\"name\":\"Musik \u2013 Wort \u2013 Geisteswissenschaft\",\"description\":\"Ton-, Wort-, Gedankenkunst\",\"publisher\":{\"@id\":\"https:\\\/\\\/emhuisken.de\\\/wordpress\\\/#organization\"},\"potentialAction\":[{\"@type\":\"SearchAction\",\"target\":{\"@type\":\"EntryPoint\",\"urlTemplate\":\"https:\\\/\\\/emhuisken.de\\\/wordpress\\\/?s={search_term_string}\"},\"query-input\":{\"@type\":\"PropertyValueSpecification\",\"valueRequired\":true,\"valueName\":\"search_term_string\"}}],\"inLanguage\":\"de\"},{\"@type\":\"Organization\",\"@id\":\"https:\\\/\\\/emhuisken.de\\\/wordpress\\\/#organization\",\"name\":\"Musik \u2013 Wort \u2013 Geisteswissenschaft\",\"url\":\"https:\\\/\\\/emhuisken.de\\\/wordpress\\\/\",\"logo\":{\"@type\":\"ImageObject\",\"inLanguage\":\"de\",\"@id\":\"https:\\\/\\\/emhuisken.de\\\/wordpress\\\/#\\\/schema\\\/logo\\\/image\\\/\",\"url\":\"https:\\\/\\\/emhuisken.de\\\/wordpress\\\/wp-content\\\/uploads\\\/2014\\\/10\\\/eh_logo_schatten_240x66-1.png\",\"contentUrl\":\"https:\\\/\\\/emhuisken.de\\\/wordpress\\\/wp-content\\\/uploads\\\/2014\\\/10\\\/eh_logo_schatten_240x66-1.png\",\"width\":240,\"height\":66,\"caption\":\"Musik \u2013 Wort \u2013 Geisteswissenschaft\"},\"image\":{\"@id\":\"https:\\\/\\\/emhuisken.de\\\/wordpress\\\/#\\\/schema\\\/logo\\\/image\\\/\"}}]}<\/script>\n<!-- \/ Yoast SEO plugin. -->","yoast_head_json":{"title":"Wahnsinn und Denken \u2013 Der Kampf um den Menschen","description":"Entstanden aus dem Wunsch, der zunehmenden allgemeinen Verwirrung einen klaren, f\u00fcr jeden Gutwilligen gangbaren Denkweg entgegen zu halten.","robots":{"index":"index","follow":"follow","max-snippet":"max-snippet:-1","max-image-preview":"max-image-preview:large","max-video-preview":"max-video-preview:-1"},"canonical":"https:\/\/emhuisken.de\/wordpress\/produkt\/wahnsinn-und-denken-der-kampf-um-den-menschen\/","og_locale":"de_DE","og_type":"article","og_title":"Wahnsinn und Denken \u2013 Der Kampf um den Menschen","og_description":"Entstanden aus dem Wunsch, der zunehmenden allgemeinen Verwirrung einen klaren, f\u00fcr jeden Gutwilligen gangbaren Denkweg entgegen zu halten.","og_url":"https:\/\/emhuisken.de\/wordpress\/produkt\/wahnsinn-und-denken-der-kampf-um-den-menschen\/","og_site_name":"Musik \u2013 Wort \u2013 Geisteswissenschaft","article_modified_time":"2022-10-12T21:41:32+00:00","og_image":[{"width":1727,"height":2560,"url":"https:\/\/emhuisken.de\/wordpress\/wp-content\/uploads\/2021\/04\/Cover_Wahnsinn_und_Denken_front-scaled.jpg","type":"image\/jpeg"}],"twitter_card":"summary_large_image","twitter_misc":{"Gesch\u00e4tzte Lesezeit":"1\u00a0Minute"},"schema":{"@context":"https:\/\/schema.org","@graph":[{"@type":"WebPage","@id":"https:\/\/emhuisken.de\/wordpress\/produkt\/wahnsinn-und-denken-der-kampf-um-den-menschen\/","url":"https:\/\/emhuisken.de\/wordpress\/produkt\/wahnsinn-und-denken-der-kampf-um-den-menschen\/","name":"Wahnsinn und Denken \u2013 Der Kampf um den Menschen","isPartOf":{"@id":"https:\/\/emhuisken.de\/wordpress\/#website"},"primaryImageOfPage":{"@id":"https:\/\/emhuisken.de\/wordpress\/produkt\/wahnsinn-und-denken-der-kampf-um-den-menschen\/#primaryimage"},"image":{"@id":"https:\/\/emhuisken.de\/wordpress\/produkt\/wahnsinn-und-denken-der-kampf-um-den-menschen\/#primaryimage"},"thumbnailUrl":"https:\/\/emhuisken.de\/wordpress\/wp-content\/uploads\/2021\/04\/Cover_Wahnsinn_und_Denken_front-scaled.jpg","datePublished":"2021-04-29T21:07:10+00:00","dateModified":"2022-10-12T21:41:32+00:00","description":"Entstanden aus dem Wunsch, der zunehmenden allgemeinen Verwirrung einen klaren, f\u00fcr jeden Gutwilligen gangbaren Denkweg entgegen zu halten.","breadcrumb":{"@id":"https:\/\/emhuisken.de\/wordpress\/produkt\/wahnsinn-und-denken-der-kampf-um-den-menschen\/#breadcrumb"},"inLanguage":"de","potentialAction":[{"@type":"ReadAction","target":["https:\/\/emhuisken.de\/wordpress\/produkt\/wahnsinn-und-denken-der-kampf-um-den-menschen\/"]}]},{"@type":"ImageObject","inLanguage":"de","@id":"https:\/\/emhuisken.de\/wordpress\/produkt\/wahnsinn-und-denken-der-kampf-um-den-menschen\/#primaryimage","url":"https:\/\/emhuisken.de\/wordpress\/wp-content\/uploads\/2021\/04\/Cover_Wahnsinn_und_Denken_front-scaled.jpg","contentUrl":"https:\/\/emhuisken.de\/wordpress\/wp-content\/uploads\/2021\/04\/Cover_Wahnsinn_und_Denken_front-scaled.jpg","width":1727,"height":2560},{"@type":"BreadcrumbList","@id":"https:\/\/emhuisken.de\/wordpress\/produkt\/wahnsinn-und-denken-der-kampf-um-den-menschen\/#breadcrumb","itemListElement":[{"@type":"ListItem","position":1,"name":"Home","item":"https:\/\/emhuisken.de\/wordpress\/"},{"@type":"ListItem","position":2,"name":"Shop","item":"https:\/\/emhuisken.de\/wordpress\/shop\/"},{"@type":"ListItem","position":3,"name":"Wahnsinn und Denken \u2013 Der Kampf um den Menschen"}]},{"@type":"WebSite","@id":"https:\/\/emhuisken.de\/wordpress\/#website","url":"https:\/\/emhuisken.de\/wordpress\/","name":"Musik \u2013 Wort \u2013 Geisteswissenschaft","description":"Ton-, Wort-, Gedankenkunst","publisher":{"@id":"https:\/\/emhuisken.de\/wordpress\/#organization"},"potentialAction":[{"@type":"SearchAction","target":{"@type":"EntryPoint","urlTemplate":"https:\/\/emhuisken.de\/wordpress\/?s={search_term_string}"},"query-input":{"@type":"PropertyValueSpecification","valueRequired":true,"valueName":"search_term_string"}}],"inLanguage":"de"},{"@type":"Organization","@id":"https:\/\/emhuisken.de\/wordpress\/#organization","name":"Musik \u2013 Wort \u2013 Geisteswissenschaft","url":"https:\/\/emhuisken.de\/wordpress\/","logo":{"@type":"ImageObject","inLanguage":"de","@id":"https:\/\/emhuisken.de\/wordpress\/#\/schema\/logo\/image\/","url":"https:\/\/emhuisken.de\/wordpress\/wp-content\/uploads\/2014\/10\/eh_logo_schatten_240x66-1.png","contentUrl":"https:\/\/emhuisken.de\/wordpress\/wp-content\/uploads\/2014\/10\/eh_logo_schatten_240x66-1.png","width":240,"height":66,"caption":"Musik \u2013 Wort \u2013 Geisteswissenschaft"},"image":{"@id":"https:\/\/emhuisken.de\/wordpress\/#\/schema\/logo\/image\/"}}]}},"_links":{"self":[{"href":"https:\/\/emhuisken.de\/wordpress\/wp-json\/wp\/v2\/product\/2650","targetHints":{"allow":["GET"]}}],"collection":[{"href":"https:\/\/emhuisken.de\/wordpress\/wp-json\/wp\/v2\/product"}],"about":[{"href":"https:\/\/emhuisken.de\/wordpress\/wp-json\/wp\/v2\/types\/product"}],"replies":[{"embeddable":true,"href":"https:\/\/emhuisken.de\/wordpress\/wp-json\/wp\/v2\/comments?post=2650"}],"wp:featuredmedia":[{"embeddable":true,"href":"https:\/\/emhuisken.de\/wordpress\/wp-json\/wp\/v2\/media\/2646"}],"wp:attachment":[{"href":"https:\/\/emhuisken.de\/wordpress\/wp-json\/wp\/v2\/media?parent=2650"}],"wp:term":[{"taxonomy":"product_brand","embeddable":true,"href":"https:\/\/emhuisken.de\/wordpress\/wp-json\/wp\/v2\/product_brand?post=2650"},{"taxonomy":"product_cat","embeddable":true,"href":"https:\/\/emhuisken.de\/wordpress\/wp-json\/wp\/v2\/product_cat?post=2650"},{"taxonomy":"product_tag","embeddable":true,"href":"https:\/\/emhuisken.de\/wordpress\/wp-json\/wp\/v2\/product_tag?post=2650"}],"curies":[{"name":"wp","href":"https:\/\/api.w.org\/{rel}","templated":true}]}}