{"id":2176,"date":"2020-05-27T14:55:30","date_gmt":"2020-05-27T13:55:30","guid":{"rendered":"https:\/\/emhuisken.de\/wordpress\/?post_type=product&#038;p=2176"},"modified":"2025-01-08T14:10:48","modified_gmt":"2025-01-08T13:10:48","slug":"sagen-von-androulan-rantschilwis-weg","status":"publish","type":"product","link":"https:\/\/emhuisken.de\/wordpress\/produkt\/sagen-von-androulan-rantschilwis-weg\/","title":{"rendered":"Sagen von Androulan &#8211; Rantschilwis Weg"},"content":{"rendered":"<p>Sagen von Androulan &#8211; Rantschilwis Weg<\/p>\n<p>Atlantis \u2013 Erz\u00e4hlungen aus atlantischer Zeit<\/p>\n<p>Paperback, Fadenheftung, Format 148&#215;210 mm<br \/>\n152 Seiten, auf dem Cover zwei Reproduktionen<br \/>\nvon Originalwerken des Malers Paul Pasch.<\/p>\n<p>N\u00e4here Informationen <a href=\"https:\/\/emhuisken.de\/wordpress\/?p=2171\" target=\"_blank\" rel=\"noopener noreferrer\">=&gt; hier<\/a>.<\/p>\n<p><strong>Bitte bestellen Sie dieses Buch direkt auf der <a href=\"https:\/\/shopify.chmoellmann.de\/products\/stefan-carl-em-huisken-rantschilwis-weg?_pos=1&amp;_psq=rantschil&amp;_ss=e&amp;_v=1.0\">Seite des Verlegers<\/a>.<\/strong><\/p>\n","protected":false},"excerpt":{"rendered":"<p>Schon l\u00e4ngere Zeit, gewisserma\u00dfen \u201eim Hintergrund\u201c, l\u00e4uft ein neues Buchprojekt, das nun in K\u00fcrze realisiert ist: Erz\u00e4hlungen aus atlantischer Zeit, von Stefan Carl em Huisken. Der Titel des Buches ist \u201eSagen von Androulan \u2013 Rantschilwis Weg. Erz\u00e4hlungen aus atlantischer Zeit\u201c. Um was es sich genauer handelt, ergibt sich aus dem unten vorab ver\u00f6ffentlichten Auszug aus dem Vorwort. Das Cover (siehe rechts) zieren zwei Reproduktionen von Originalwerken des Malers Paul Pasch, einem verstorbenen Verwandten des Autors. Das Buch hat Fadenheftung, erscheint im Format A5 mit 152 Seiten und kostet 14 \u20ac.<\/p>\n<p><strong>Bitte bestellen Sie dieses Buch direkt auf der <a href=\"https:\/\/shopify.chmoellmann.de\/products\/stefan-carl-em-huisken-rantschilwis-weg?_pos=1&amp;_psq=rantschil&amp;_ss=e&amp;_v=1.0\">Seite des Verlegers<\/a>.<\/strong><\/p>\n","protected":false},"featured_media":2169,"comment_status":"open","ping_status":"closed","template":"","meta":[],"product_brand":[],"product_cat":[37],"product_tag":[294,296,41,295],"class_list":{"0":"post-2176","1":"product","2":"type-product","3":"status-publish","4":"has-post-thumbnail","6":"product_cat-druckerzeugnisse","7":"product_tag-atlantis","8":"product_tag-buch","9":"product_tag-geschichten","10":"product_tag-texte","11":"product_shipping_class-normal","13":"first","14":"outofstock","15":"shipping-taxable","16":"purchasable","17":"product-type-simple"},"yoast_head":"<!-- This site is optimized with the Yoast SEO plugin v27.4 - https:\/\/yoast.com\/product\/yoast-seo-wordpress\/ -->\n<title>Sagen von Androulan - Rantschilwis Weg \u2013 Erz\u00e4hlungen von Atlantis<\/title>\n<meta name=\"description\" content=\"Sagen von Androulan \u2013 Rantschilwis Weg. Das Buch von Stefan Carl em Huisken mit Erz\u00e4hlungen aus atlantischer Zeit im Shop.\" \/>\n<meta name=\"robots\" content=\"index, follow, max-snippet:-1, max-image-preview:large, max-video-preview:-1\" \/>\n<link rel=\"canonical\" href=\"https:\/\/emhuisken.de\/wordpress\/produkt\/sagen-von-androulan-rantschilwis-weg\/\" \/>\n<meta property=\"og:locale\" content=\"de_DE\" \/>\n<meta property=\"og:type\" content=\"article\" \/>\n<meta property=\"og:title\" content=\"Sagen von Androulan - Rantschilwis Weg \u2013 Erz\u00e4hlungen von Atlantis\" \/>\n<meta property=\"og:description\" content=\"Sagen von Androulan \u2013 Rantschilwis Weg. Das Buch von Stefan Carl em Huisken mit Erz\u00e4hlungen aus atlantischer Zeit im Shop.\" \/>\n<meta property=\"og:url\" content=\"https:\/\/emhuisken.de\/wordpress\/produkt\/sagen-von-androulan-rantschilwis-weg\/\" \/>\n<meta property=\"og:site_name\" content=\"Musik \u2013 Wort \u2013 Geisteswissenschaft\" \/>\n<meta property=\"article:modified_time\" content=\"2025-01-08T13:10:48+00:00\" \/>\n<meta property=\"og:image\" content=\"https:\/\/emhuisken.de\/wordpress\/wp-content\/uploads\/2020\/05\/Rantschilwi_Cover_Entwurf_1_2.png\" \/>\n\t<meta property=\"og:image:width\" content=\"276\" \/>\n\t<meta property=\"og:image:height\" content=\"400\" \/>\n\t<meta property=\"og:image:type\" content=\"image\/png\" \/>\n<meta name=\"twitter:card\" content=\"summary_large_image\" \/>\n<meta name=\"twitter:label1\" content=\"Gesch\u00e4tzte Lesezeit\" \/>\n\t<meta name=\"twitter:data1\" content=\"1\u00a0Minute\" \/>\n<script type=\"application\/ld+json\" class=\"yoast-schema-graph\">{\"@context\":\"https:\\\/\\\/schema.org\",\"@graph\":[{\"@type\":\"WebPage\",\"@id\":\"https:\\\/\\\/emhuisken.de\\\/wordpress\\\/produkt\\\/sagen-von-androulan-rantschilwis-weg\\\/\",\"url\":\"https:\\\/\\\/emhuisken.de\\\/wordpress\\\/produkt\\\/sagen-von-androulan-rantschilwis-weg\\\/\",\"name\":\"Sagen von Androulan - Rantschilwis Weg \u2013 Erz\u00e4hlungen von Atlantis\",\"isPartOf\":{\"@id\":\"https:\\\/\\\/emhuisken.de\\\/wordpress\\\/#website\"},\"primaryImageOfPage\":{\"@id\":\"https:\\\/\\\/emhuisken.de\\\/wordpress\\\/produkt\\\/sagen-von-androulan-rantschilwis-weg\\\/#primaryimage\"},\"image\":{\"@id\":\"https:\\\/\\\/emhuisken.de\\\/wordpress\\\/produkt\\\/sagen-von-androulan-rantschilwis-weg\\\/#primaryimage\"},\"thumbnailUrl\":\"https:\\\/\\\/emhuisken.de\\\/wordpress\\\/wp-content\\\/uploads\\\/2020\\\/05\\\/Rantschilwi_Cover_Entwurf_1_2.png\",\"datePublished\":\"2020-05-27T13:55:30+00:00\",\"dateModified\":\"2025-01-08T13:10:48+00:00\",\"description\":\"Sagen von Androulan \u2013 Rantschilwis Weg. Das Buch von Stefan Carl em Huisken mit Erz\u00e4hlungen aus atlantischer Zeit im Shop.\",\"breadcrumb\":{\"@id\":\"https:\\\/\\\/emhuisken.de\\\/wordpress\\\/produkt\\\/sagen-von-androulan-rantschilwis-weg\\\/#breadcrumb\"},\"inLanguage\":\"de\",\"potentialAction\":[{\"@type\":\"ReadAction\",\"target\":[\"https:\\\/\\\/emhuisken.de\\\/wordpress\\\/produkt\\\/sagen-von-androulan-rantschilwis-weg\\\/\"]}]},{\"@type\":\"ImageObject\",\"inLanguage\":\"de\",\"@id\":\"https:\\\/\\\/emhuisken.de\\\/wordpress\\\/produkt\\\/sagen-von-androulan-rantschilwis-weg\\\/#primaryimage\",\"url\":\"https:\\\/\\\/emhuisken.de\\\/wordpress\\\/wp-content\\\/uploads\\\/2020\\\/05\\\/Rantschilwi_Cover_Entwurf_1_2.png\",\"contentUrl\":\"https:\\\/\\\/emhuisken.de\\\/wordpress\\\/wp-content\\\/uploads\\\/2020\\\/05\\\/Rantschilwi_Cover_Entwurf_1_2.png\",\"width\":276,\"height\":400},{\"@type\":\"BreadcrumbList\",\"@id\":\"https:\\\/\\\/emhuisken.de\\\/wordpress\\\/produkt\\\/sagen-von-androulan-rantschilwis-weg\\\/#breadcrumb\",\"itemListElement\":[{\"@type\":\"ListItem\",\"position\":1,\"name\":\"Home\",\"item\":\"https:\\\/\\\/emhuisken.de\\\/wordpress\\\/\"},{\"@type\":\"ListItem\",\"position\":2,\"name\":\"Shop\",\"item\":\"https:\\\/\\\/emhuisken.de\\\/wordpress\\\/shop\\\/\"},{\"@type\":\"ListItem\",\"position\":3,\"name\":\"Sagen von Androulan &#8211; Rantschilwis Weg\"}]},{\"@type\":\"WebSite\",\"@id\":\"https:\\\/\\\/emhuisken.de\\\/wordpress\\\/#website\",\"url\":\"https:\\\/\\\/emhuisken.de\\\/wordpress\\\/\",\"name\":\"Musik \u2013 Wort \u2013 Geisteswissenschaft\",\"description\":\"Ton-, Wort-, Gedankenkunst\",\"publisher\":{\"@id\":\"https:\\\/\\\/emhuisken.de\\\/wordpress\\\/#organization\"},\"potentialAction\":[{\"@type\":\"SearchAction\",\"target\":{\"@type\":\"EntryPoint\",\"urlTemplate\":\"https:\\\/\\\/emhuisken.de\\\/wordpress\\\/?s={search_term_string}\"},\"query-input\":{\"@type\":\"PropertyValueSpecification\",\"valueRequired\":true,\"valueName\":\"search_term_string\"}}],\"inLanguage\":\"de\"},{\"@type\":\"Organization\",\"@id\":\"https:\\\/\\\/emhuisken.de\\\/wordpress\\\/#organization\",\"name\":\"Musik \u2013 Wort \u2013 Geisteswissenschaft\",\"url\":\"https:\\\/\\\/emhuisken.de\\\/wordpress\\\/\",\"logo\":{\"@type\":\"ImageObject\",\"inLanguage\":\"de\",\"@id\":\"https:\\\/\\\/emhuisken.de\\\/wordpress\\\/#\\\/schema\\\/logo\\\/image\\\/\",\"url\":\"https:\\\/\\\/emhuisken.de\\\/wordpress\\\/wp-content\\\/uploads\\\/2014\\\/10\\\/eh_logo_schatten_240x66-1.png\",\"contentUrl\":\"https:\\\/\\\/emhuisken.de\\\/wordpress\\\/wp-content\\\/uploads\\\/2014\\\/10\\\/eh_logo_schatten_240x66-1.png\",\"width\":240,\"height\":66,\"caption\":\"Musik \u2013 Wort \u2013 Geisteswissenschaft\"},\"image\":{\"@id\":\"https:\\\/\\\/emhuisken.de\\\/wordpress\\\/#\\\/schema\\\/logo\\\/image\\\/\"}}]}<\/script>\n<!-- \/ Yoast SEO plugin. -->","yoast_head_json":{"title":"Sagen von Androulan - Rantschilwis Weg \u2013 Erz\u00e4hlungen von Atlantis","description":"Sagen von Androulan \u2013 Rantschilwis Weg. Das Buch von Stefan Carl em Huisken mit Erz\u00e4hlungen aus atlantischer Zeit im Shop.","robots":{"index":"index","follow":"follow","max-snippet":"max-snippet:-1","max-image-preview":"max-image-preview:large","max-video-preview":"max-video-preview:-1"},"canonical":"https:\/\/emhuisken.de\/wordpress\/produkt\/sagen-von-androulan-rantschilwis-weg\/","og_locale":"de_DE","og_type":"article","og_title":"Sagen von Androulan - Rantschilwis Weg \u2013 Erz\u00e4hlungen von Atlantis","og_description":"Sagen von Androulan \u2013 Rantschilwis Weg. Das Buch von Stefan Carl em Huisken mit Erz\u00e4hlungen aus atlantischer Zeit im Shop.","og_url":"https:\/\/emhuisken.de\/wordpress\/produkt\/sagen-von-androulan-rantschilwis-weg\/","og_site_name":"Musik \u2013 Wort \u2013 Geisteswissenschaft","article_modified_time":"2025-01-08T13:10:48+00:00","og_image":[{"width":276,"height":400,"url":"https:\/\/emhuisken.de\/wordpress\/wp-content\/uploads\/2020\/05\/Rantschilwi_Cover_Entwurf_1_2.png","type":"image\/png"}],"twitter_card":"summary_large_image","twitter_misc":{"Gesch\u00e4tzte Lesezeit":"1\u00a0Minute"},"schema":{"@context":"https:\/\/schema.org","@graph":[{"@type":"WebPage","@id":"https:\/\/emhuisken.de\/wordpress\/produkt\/sagen-von-androulan-rantschilwis-weg\/","url":"https:\/\/emhuisken.de\/wordpress\/produkt\/sagen-von-androulan-rantschilwis-weg\/","name":"Sagen von Androulan - Rantschilwis Weg \u2013 Erz\u00e4hlungen von Atlantis","isPartOf":{"@id":"https:\/\/emhuisken.de\/wordpress\/#website"},"primaryImageOfPage":{"@id":"https:\/\/emhuisken.de\/wordpress\/produkt\/sagen-von-androulan-rantschilwis-weg\/#primaryimage"},"image":{"@id":"https:\/\/emhuisken.de\/wordpress\/produkt\/sagen-von-androulan-rantschilwis-weg\/#primaryimage"},"thumbnailUrl":"https:\/\/emhuisken.de\/wordpress\/wp-content\/uploads\/2020\/05\/Rantschilwi_Cover_Entwurf_1_2.png","datePublished":"2020-05-27T13:55:30+00:00","dateModified":"2025-01-08T13:10:48+00:00","description":"Sagen von Androulan \u2013 Rantschilwis Weg. Das Buch von Stefan Carl em Huisken mit Erz\u00e4hlungen aus atlantischer Zeit im Shop.","breadcrumb":{"@id":"https:\/\/emhuisken.de\/wordpress\/produkt\/sagen-von-androulan-rantschilwis-weg\/#breadcrumb"},"inLanguage":"de","potentialAction":[{"@type":"ReadAction","target":["https:\/\/emhuisken.de\/wordpress\/produkt\/sagen-von-androulan-rantschilwis-weg\/"]}]},{"@type":"ImageObject","inLanguage":"de","@id":"https:\/\/emhuisken.de\/wordpress\/produkt\/sagen-von-androulan-rantschilwis-weg\/#primaryimage","url":"https:\/\/emhuisken.de\/wordpress\/wp-content\/uploads\/2020\/05\/Rantschilwi_Cover_Entwurf_1_2.png","contentUrl":"https:\/\/emhuisken.de\/wordpress\/wp-content\/uploads\/2020\/05\/Rantschilwi_Cover_Entwurf_1_2.png","width":276,"height":400},{"@type":"BreadcrumbList","@id":"https:\/\/emhuisken.de\/wordpress\/produkt\/sagen-von-androulan-rantschilwis-weg\/#breadcrumb","itemListElement":[{"@type":"ListItem","position":1,"name":"Home","item":"https:\/\/emhuisken.de\/wordpress\/"},{"@type":"ListItem","position":2,"name":"Shop","item":"https:\/\/emhuisken.de\/wordpress\/shop\/"},{"@type":"ListItem","position":3,"name":"Sagen von Androulan &#8211; Rantschilwis Weg"}]},{"@type":"WebSite","@id":"https:\/\/emhuisken.de\/wordpress\/#website","url":"https:\/\/emhuisken.de\/wordpress\/","name":"Musik \u2013 Wort \u2013 Geisteswissenschaft","description":"Ton-, Wort-, Gedankenkunst","publisher":{"@id":"https:\/\/emhuisken.de\/wordpress\/#organization"},"potentialAction":[{"@type":"SearchAction","target":{"@type":"EntryPoint","urlTemplate":"https:\/\/emhuisken.de\/wordpress\/?s={search_term_string}"},"query-input":{"@type":"PropertyValueSpecification","valueRequired":true,"valueName":"search_term_string"}}],"inLanguage":"de"},{"@type":"Organization","@id":"https:\/\/emhuisken.de\/wordpress\/#organization","name":"Musik \u2013 Wort \u2013 Geisteswissenschaft","url":"https:\/\/emhuisken.de\/wordpress\/","logo":{"@type":"ImageObject","inLanguage":"de","@id":"https:\/\/emhuisken.de\/wordpress\/#\/schema\/logo\/image\/","url":"https:\/\/emhuisken.de\/wordpress\/wp-content\/uploads\/2014\/10\/eh_logo_schatten_240x66-1.png","contentUrl":"https:\/\/emhuisken.de\/wordpress\/wp-content\/uploads\/2014\/10\/eh_logo_schatten_240x66-1.png","width":240,"height":66,"caption":"Musik \u2013 Wort \u2013 Geisteswissenschaft"},"image":{"@id":"https:\/\/emhuisken.de\/wordpress\/#\/schema\/logo\/image\/"}}]}},"_links":{"self":[{"href":"https:\/\/emhuisken.de\/wordpress\/wp-json\/wp\/v2\/product\/2176","targetHints":{"allow":["GET"]}}],"collection":[{"href":"https:\/\/emhuisken.de\/wordpress\/wp-json\/wp\/v2\/product"}],"about":[{"href":"https:\/\/emhuisken.de\/wordpress\/wp-json\/wp\/v2\/types\/product"}],"replies":[{"embeddable":true,"href":"https:\/\/emhuisken.de\/wordpress\/wp-json\/wp\/v2\/comments?post=2176"}],"wp:featuredmedia":[{"embeddable":true,"href":"https:\/\/emhuisken.de\/wordpress\/wp-json\/wp\/v2\/media\/2169"}],"wp:attachment":[{"href":"https:\/\/emhuisken.de\/wordpress\/wp-json\/wp\/v2\/media?parent=2176"}],"wp:term":[{"taxonomy":"product_brand","embeddable":true,"href":"https:\/\/emhuisken.de\/wordpress\/wp-json\/wp\/v2\/product_brand?post=2176"},{"taxonomy":"product_cat","embeddable":true,"href":"https:\/\/emhuisken.de\/wordpress\/wp-json\/wp\/v2\/product_cat?post=2176"},{"taxonomy":"product_tag","embeddable":true,"href":"https:\/\/emhuisken.de\/wordpress\/wp-json\/wp\/v2\/product_tag?post=2176"}],"curies":[{"name":"wp","href":"https:\/\/api.w.org\/{rel}","templated":true}]}}