{"id":891,"date":"2012-02-19T15:31:00","date_gmt":"2012-02-19T14:31:00","guid":{"rendered":"http:\/\/emhuisken.de\/wordpress\/wort\/2012\/02\/19\/moderne-geisteswissenschaft\/"},"modified":"2020-11-25T20:13:52","modified_gmt":"2020-11-25T19:13:52","slug":"geisteswissenschaft","status":"publish","type":"page","link":"https:\/\/emhuisken.de\/wordpress\/geisteswissenschaft\/","title":{"rendered":"Geisteswissenschaft"},"content":{"rendered":"<div class=\"pdfprnt-buttons pdfprnt-buttons-page pdfprnt-top-right\"><a href=\"https:\/\/emhuisken.de\/wordpress\/wp-json\/wp\/v2\/pages\/891?print=print\" class=\"pdfprnt-button pdfprnt-button-print\" target=\"_blank\" ><img decoding=\"async\" src=\"https:\/\/emhuisken.de\/wordpress\/wp-content\/plugins\/pdf-print\/images\/print.png\" alt=\"image_print\" title=\"Print Content\" \/><span class=\"pdfprnt-button-title pdfprnt-button-print-title\">F\u00fcr l\u00e4ngere Texte empfehle ich vorherigen Ausdruck<\/span><\/a><\/div><h6>Geisteswissenschaft<\/h6>\n<p>Geisteswissenschaft handelt \u2013 recht verstanden \u2013 vom real im t\u00e4glichen Leben wirksamen Geist. Jede Idee entspringt im Geist \u2013 oder haben Sie schon einmal eine Idee mit Augen gesehen oder mit H\u00e4nden fassen k\u00f6nnen? Ohne Ideen g\u00e4be es aber keine <a href=\"https:\/\/emhuisken.de\/wordpress\/2012\/05\/entwicklung\/\" target=\"_blank\" rel=\"noopener noreferrer\">Entwicklung<\/a>, denn jede Entwicklung lebt von der fortw\u00e4hrenden Realisation einer Idee in der Welt. Ganz egal, ob es um naturgegebene oder menschengemachte Entwicklungsprozesse geht. Ideen sind f\u00fcr uns innerlich \u2013 im Geiste \u2013 fassbar. Wir Menschen sind also ganz zweifellos Tr\u00e4ger des Geistes. Auch jede Wissenschaft gr\u00fcndet sich auf Ideen. Ohne eine Wissenschaft von den Ideen, ihrer Entstehung im Denken und ihrer Entwicklung im Leben \u2013 ohne eine ganz praktische Geisteswissenschaft also \u2013 wird eine Grenze zwischen Glauben und Wissen nur schwer zu ziehen sein.<\/p>\n<p>Eine solche Wissenschaft kann aber nur vom Menschen ausgehen, denn nur in ihm ist f\u00fcr uns das Geistige fassbar. Sie muss daher zugleich Wissenschaft vom Menschen sein. Und sein Kennzeichen, die individuelle Freiheit, mit einbeziehen.<\/p>\n<h6>Rudolf Steiner<\/h6>\n<p>Eine solche Wissenschaft wurde von Rudolf Steiner (1861-1925) ausgehend von seiner \u00bbPhilosophie der Freiheit\u00ab unter dem Namen \u00bbAnthroposophie\u00ab (= Weisheit vom Menschen aus) zu Beginn des 20. Jahrhunderts begr\u00fcndet. Der Name \u00bbAnthroposophie\u00ab wird inzwischen f\u00fcr sehr unterschiedliche Bestrebungen verwendet (und manchmal mi\u00dfbraucht). Ich verstehe darunter ausschlie\u00dflich die gerade gekennzeichnete Art von Geisteswissenschaft.<\/p>\n<h6>Zeitgem\u00e4sse Wissenschaft<\/h6>\n<p>Eine wirklich zeitgem\u00e4\u00dfe Geisteswissenschaft hat heute damit zu rechnen, dass der Geist in immer mehr Menschen als Realit\u00e4t auftritt, von ihnen als evidente Wahrheit erlebt wird. Menschen, die so erleben, verlangen zu Recht von der Geisteswissenschaft Orientierung \u00fcber das von ihnen Erlebte. Demgegen\u00fcber versagt die traditionelle interpretierende Geisteswissenschaft. Die erlebten Tatsachen bleiben aber und werfen Fragen auf. Seit zwei Jahrhunderten beherrscht die Auffassung vom Geist als \u00bb\u00dcberbau\u00ab, als etwas von der eigentlichen, au\u00dferhalb liegenden Wirklichkeit Abstrahiertem (=\u00bbAbgezogenem\u00ab) die Wissenschaft. Reales Geist-Erleben nimmt dieser Ideologie nach und nach ihre alles andere ausschlie\u00dfende, das Geistesleben allein pr\u00e4gende Bedeutung.<br \/>\nDie heutige Wissenschaft, die mit aller Macht den erkennenden Menschen aus dem Erkenntnisprozess zu auszul\u00f6schen sucht, kann nicht anders, als immer unmenschlichere Verfahren und Ergebnisse zu zeitigen. Der immer unfasslichere \u00e4u\u00dfere Aufwand, den diese Art Wissenschaft zum Erreichen neuer Erkenntnisse treiben muss, l\u00e4sst sie immer mehr zu einer Geheimlehre, einer Wissenschaft f\u00fcr wenige Auserw\u00e4hlte, also zu einer neuen Art von \u00bbEsoterik\u00ab werden. Und hier gilt sicher: Wissen ist Macht.<br \/>\nEs ist das Verdienst Rudolf Steiners (1861-1925), die Haltlosigkeit dieser ver\u00e4u\u00dferlichten Art Wissenschaft anhand zweifelsfrei nachvollziehbarer, im Prinzip jedem Menschen zug\u00e4nglicher Denkbewegungen aufgezeigt zu haben (\u00bbWahrheit und Wissenschaft\u00ab, \u00bbDie Philosophie der Freiheit\u00ab). Damit wird zugleich ein neuer, f\u00fcr jeden Menschen nachvollziehbarer, weil rein aus dem heutigen Menschsein geborener Weg zu Erkenntnis und Wissen gangbar gemacht. In diesem Sinne nannte Rudolf Steiner die von ihm vertretene Erkenntnisart \u00bbAnthroposophie\u00ab, d.i. Weisheit und Erkenntnis vom Menschen aus.<\/p>\n<h6>Geistige Revolution<\/h6>\n<p>Rudolf Steiner steht damit im Beginn einer geistigen Revolution, die bis heute nicht angemessen wahrgenommen geschweige denn gew\u00fcrdigt wird: die Befreiung der Erkenntnis aus den Fesseln \u00fcberkommener Bande, und damit die Befreiung des sich selbst erkennenden Individuums schlechthin.<\/p>\n<p>Dazu ein anonymer Text, der Goethe zugeschrieben wird:<\/p>\n<p style=\"text-align: center;\">Hinter uns liegt die Revolution des B\u00fcrgers,<br \/>\nin welcher das Individuum sich<br \/>\naus den ehernen Banden dunkler Vergangenheit<br \/>\nzu befreien trachtete.<br \/>\nNunmehr erleben wir<br \/>\nden Anfang der Revolution durch die Maschine,<br \/>\nvon welcher noch keiner wei\u00df,<br \/>\nwohin sie uns alle f\u00fchren mag:<br \/>\ndenn sie st\u00f6\u00dft uns die Pforten des K\u00fcnftigen auf.<br \/>\nAber kommen wird sie dann &#8211; und sei`s auch erst in mehr denn hundert Jahren \u2013<br \/>\ndie gro\u00dfe Revolution, die Revolution des Menschen,<br \/>\ndie da aufr\u00e4umt mit den Albernheiten unserer Kreatur,<br \/>\nich meine die Revolution des Bewusstseins schlechthin.Doch was soll&#8217;s? \u2013 Das offenbar Geheimnis ist&#8217;s,<br \/>\nin dem ein jeder schon, kindlichen Gem\u00fcts,<br \/>\nsein Leben lang sich selbst benennt.Der von Ewigkeit zu Ewigkeit sich selbst Produzierende ist&#8217;s,<br \/>\nder noch keinen Namen hat, \u2013 es sei denn einmal unsern eigenen.<\/p>\n<p>\u00a9 Em Huisken 2012<\/p>\n","protected":false},"excerpt":{"rendered":"<p>Geisteswissenschaft Geisteswissenschaft handelt \u2013 recht verstanden \u2013 vom real im t\u00e4glichen Leben wirksamen Geist. Jede Idee entspringt im Geist \u2013 oder haben Sie schon einmal eine Idee mit Augen gesehen oder mit H\u00e4nden fassen k\u00f6nnen? Ohne Ideen g\u00e4be es aber keine Entwicklung, denn jede Entwicklung lebt von der fortw\u00e4hrenden Realisation einer Idee in der [&#8230;]<\/p>\n","protected":false},"author":1,"featured_media":0,"parent":0,"menu_order":0,"comment_status":"open","ping_status":"closed","template":"","meta":{"footnotes":""},"categories":[267],"tags":[221,268,207,222,316,229],"class_list":["post-891","page","type-page","status-publish","hentry","category-geisteswissenschaft","tag-anthroposophie","tag-beratung","tag-geisteswissenschaft","tag-rudolf-steiner","tag-texte","tag-vortraege"],"yoast_head":"<!-- This site is optimized with the Yoast SEO plugin v27.4 - https:\/\/yoast.com\/product\/yoast-seo-wordpress\/ -->\n<title>Geisteswissenschaft - Gedanken dazu von Stefan Carl em Huisken<\/title>\n<meta name=\"description\" content=\"Was ist eigentlich ein wirkliche Geisteswissenschaft? Eine, die voller Geist steckt, und ihn auch nach und nach ersichtlich macht?\" \/>\n<meta name=\"robots\" content=\"index, follow, max-snippet:-1, max-image-preview:large, max-video-preview:-1\" \/>\n<link rel=\"canonical\" href=\"https:\/\/emhuisken.de\/wordpress\/geisteswissenschaft\/\" \/>\n<meta property=\"og:locale\" content=\"de_DE\" \/>\n<meta property=\"og:type\" content=\"article\" \/>\n<meta property=\"og:title\" content=\"Geisteswissenschaft - Gedanken dazu von Stefan Carl em Huisken\" \/>\n<meta property=\"og:description\" content=\"Was ist eigentlich ein wirkliche Geisteswissenschaft? Eine, die voller Geist steckt, und ihn auch nach und nach ersichtlich macht?\" \/>\n<meta property=\"og:url\" content=\"https:\/\/emhuisken.de\/wordpress\/geisteswissenschaft\/\" \/>\n<meta property=\"og:site_name\" content=\"Musik \u2013 Wort \u2013 Geisteswissenschaft\" \/>\n<meta property=\"article:modified_time\" content=\"2020-11-25T19:13:52+00:00\" \/>\n<meta name=\"twitter:card\" content=\"summary_large_image\" \/>\n<meta name=\"twitter:label1\" content=\"Gesch\u00e4tzte Lesezeit\" \/>\n\t<meta name=\"twitter:data1\" content=\"3\u00a0Minuten\" \/>\n<script type=\"application\/ld+json\" class=\"yoast-schema-graph\">{\"@context\":\"https:\\\/\\\/schema.org\",\"@graph\":[{\"@type\":\"WebPage\",\"@id\":\"https:\\\/\\\/emhuisken.de\\\/wordpress\\\/geisteswissenschaft\\\/\",\"url\":\"https:\\\/\\\/emhuisken.de\\\/wordpress\\\/geisteswissenschaft\\\/\",\"name\":\"Geisteswissenschaft - Gedanken dazu von Stefan Carl em Huisken\",\"isPartOf\":{\"@id\":\"https:\\\/\\\/emhuisken.de\\\/wordpress\\\/#website\"},\"datePublished\":\"2012-02-19T14:31:00+00:00\",\"dateModified\":\"2020-11-25T19:13:52+00:00\",\"description\":\"Was ist eigentlich ein wirkliche Geisteswissenschaft? Eine, die voller Geist steckt, und ihn auch nach und nach ersichtlich macht?\",\"breadcrumb\":{\"@id\":\"https:\\\/\\\/emhuisken.de\\\/wordpress\\\/geisteswissenschaft\\\/#breadcrumb\"},\"inLanguage\":\"de\",\"potentialAction\":[{\"@type\":\"ReadAction\",\"target\":[\"https:\\\/\\\/emhuisken.de\\\/wordpress\\\/geisteswissenschaft\\\/\"]}]},{\"@type\":\"BreadcrumbList\",\"@id\":\"https:\\\/\\\/emhuisken.de\\\/wordpress\\\/geisteswissenschaft\\\/#breadcrumb\",\"itemListElement\":[{\"@type\":\"ListItem\",\"position\":1,\"name\":\"Home\",\"item\":\"https:\\\/\\\/emhuisken.de\\\/wordpress\\\/\"},{\"@type\":\"ListItem\",\"position\":2,\"name\":\"Geisteswissenschaft\"}]},{\"@type\":\"WebSite\",\"@id\":\"https:\\\/\\\/emhuisken.de\\\/wordpress\\\/#website\",\"url\":\"https:\\\/\\\/emhuisken.de\\\/wordpress\\\/\",\"name\":\"Musik \u2013 Wort \u2013 Geisteswissenschaft\",\"description\":\"Ton-, Wort-, Gedankenkunst\",\"publisher\":{\"@id\":\"https:\\\/\\\/emhuisken.de\\\/wordpress\\\/#organization\"},\"potentialAction\":[{\"@type\":\"SearchAction\",\"target\":{\"@type\":\"EntryPoint\",\"urlTemplate\":\"https:\\\/\\\/emhuisken.de\\\/wordpress\\\/?s={search_term_string}\"},\"query-input\":{\"@type\":\"PropertyValueSpecification\",\"valueRequired\":true,\"valueName\":\"search_term_string\"}}],\"inLanguage\":\"de\"},{\"@type\":\"Organization\",\"@id\":\"https:\\\/\\\/emhuisken.de\\\/wordpress\\\/#organization\",\"name\":\"Musik \u2013 Wort \u2013 Geisteswissenschaft\",\"url\":\"https:\\\/\\\/emhuisken.de\\\/wordpress\\\/\",\"logo\":{\"@type\":\"ImageObject\",\"inLanguage\":\"de\",\"@id\":\"https:\\\/\\\/emhuisken.de\\\/wordpress\\\/#\\\/schema\\\/logo\\\/image\\\/\",\"url\":\"https:\\\/\\\/emhuisken.de\\\/wordpress\\\/wp-content\\\/uploads\\\/2014\\\/10\\\/eh_logo_schatten_240x66-1.png\",\"contentUrl\":\"https:\\\/\\\/emhuisken.de\\\/wordpress\\\/wp-content\\\/uploads\\\/2014\\\/10\\\/eh_logo_schatten_240x66-1.png\",\"width\":240,\"height\":66,\"caption\":\"Musik \u2013 Wort \u2013 Geisteswissenschaft\"},\"image\":{\"@id\":\"https:\\\/\\\/emhuisken.de\\\/wordpress\\\/#\\\/schema\\\/logo\\\/image\\\/\"}}]}<\/script>\n<!-- \/ Yoast SEO plugin. -->","yoast_head_json":{"title":"Geisteswissenschaft - Gedanken dazu von Stefan Carl em Huisken","description":"Was ist eigentlich ein wirkliche Geisteswissenschaft? Eine, die voller Geist steckt, und ihn auch nach und nach ersichtlich macht?","robots":{"index":"index","follow":"follow","max-snippet":"max-snippet:-1","max-image-preview":"max-image-preview:large","max-video-preview":"max-video-preview:-1"},"canonical":"https:\/\/emhuisken.de\/wordpress\/geisteswissenschaft\/","og_locale":"de_DE","og_type":"article","og_title":"Geisteswissenschaft - Gedanken dazu von Stefan Carl em Huisken","og_description":"Was ist eigentlich ein wirkliche Geisteswissenschaft? Eine, die voller Geist steckt, und ihn auch nach und nach ersichtlich macht?","og_url":"https:\/\/emhuisken.de\/wordpress\/geisteswissenschaft\/","og_site_name":"Musik \u2013 Wort \u2013 Geisteswissenschaft","article_modified_time":"2020-11-25T19:13:52+00:00","twitter_card":"summary_large_image","twitter_misc":{"Gesch\u00e4tzte Lesezeit":"3\u00a0Minuten"},"schema":{"@context":"https:\/\/schema.org","@graph":[{"@type":"WebPage","@id":"https:\/\/emhuisken.de\/wordpress\/geisteswissenschaft\/","url":"https:\/\/emhuisken.de\/wordpress\/geisteswissenschaft\/","name":"Geisteswissenschaft - Gedanken dazu von Stefan Carl em Huisken","isPartOf":{"@id":"https:\/\/emhuisken.de\/wordpress\/#website"},"datePublished":"2012-02-19T14:31:00+00:00","dateModified":"2020-11-25T19:13:52+00:00","description":"Was ist eigentlich ein wirkliche Geisteswissenschaft? Eine, die voller Geist steckt, und ihn auch nach und nach ersichtlich macht?","breadcrumb":{"@id":"https:\/\/emhuisken.de\/wordpress\/geisteswissenschaft\/#breadcrumb"},"inLanguage":"de","potentialAction":[{"@type":"ReadAction","target":["https:\/\/emhuisken.de\/wordpress\/geisteswissenschaft\/"]}]},{"@type":"BreadcrumbList","@id":"https:\/\/emhuisken.de\/wordpress\/geisteswissenschaft\/#breadcrumb","itemListElement":[{"@type":"ListItem","position":1,"name":"Home","item":"https:\/\/emhuisken.de\/wordpress\/"},{"@type":"ListItem","position":2,"name":"Geisteswissenschaft"}]},{"@type":"WebSite","@id":"https:\/\/emhuisken.de\/wordpress\/#website","url":"https:\/\/emhuisken.de\/wordpress\/","name":"Musik \u2013 Wort \u2013 Geisteswissenschaft","description":"Ton-, Wort-, Gedankenkunst","publisher":{"@id":"https:\/\/emhuisken.de\/wordpress\/#organization"},"potentialAction":[{"@type":"SearchAction","target":{"@type":"EntryPoint","urlTemplate":"https:\/\/emhuisken.de\/wordpress\/?s={search_term_string}"},"query-input":{"@type":"PropertyValueSpecification","valueRequired":true,"valueName":"search_term_string"}}],"inLanguage":"de"},{"@type":"Organization","@id":"https:\/\/emhuisken.de\/wordpress\/#organization","name":"Musik \u2013 Wort \u2013 Geisteswissenschaft","url":"https:\/\/emhuisken.de\/wordpress\/","logo":{"@type":"ImageObject","inLanguage":"de","@id":"https:\/\/emhuisken.de\/wordpress\/#\/schema\/logo\/image\/","url":"https:\/\/emhuisken.de\/wordpress\/wp-content\/uploads\/2014\/10\/eh_logo_schatten_240x66-1.png","contentUrl":"https:\/\/emhuisken.de\/wordpress\/wp-content\/uploads\/2014\/10\/eh_logo_schatten_240x66-1.png","width":240,"height":66,"caption":"Musik \u2013 Wort \u2013 Geisteswissenschaft"},"image":{"@id":"https:\/\/emhuisken.de\/wordpress\/#\/schema\/logo\/image\/"}}]}},"_links":{"self":[{"href":"https:\/\/emhuisken.de\/wordpress\/wp-json\/wp\/v2\/pages\/891","targetHints":{"allow":["GET"]}}],"collection":[{"href":"https:\/\/emhuisken.de\/wordpress\/wp-json\/wp\/v2\/pages"}],"about":[{"href":"https:\/\/emhuisken.de\/wordpress\/wp-json\/wp\/v2\/types\/page"}],"author":[{"embeddable":true,"href":"https:\/\/emhuisken.de\/wordpress\/wp-json\/wp\/v2\/users\/1"}],"replies":[{"embeddable":true,"href":"https:\/\/emhuisken.de\/wordpress\/wp-json\/wp\/v2\/comments?post=891"}],"version-history":[{"count":48,"href":"https:\/\/emhuisken.de\/wordpress\/wp-json\/wp\/v2\/pages\/891\/revisions"}],"predecessor-version":[{"id":2422,"href":"https:\/\/emhuisken.de\/wordpress\/wp-json\/wp\/v2\/pages\/891\/revisions\/2422"}],"wp:attachment":[{"href":"https:\/\/emhuisken.de\/wordpress\/wp-json\/wp\/v2\/media?parent=891"}],"wp:term":[{"taxonomy":"category","embeddable":true,"href":"https:\/\/emhuisken.de\/wordpress\/wp-json\/wp\/v2\/categories?post=891"},{"taxonomy":"post_tag","embeddable":true,"href":"https:\/\/emhuisken.de\/wordpress\/wp-json\/wp\/v2\/tags?post=891"}],"curies":[{"name":"wp","href":"https:\/\/api.w.org\/{rel}","templated":true}]}}