{"id":890,"date":"2014-07-04T20:52:03","date_gmt":"2014-07-04T19:52:03","guid":{"rendered":"http:\/\/emhuisken.de\/wordpress\/wort\/?page_id=2"},"modified":"2020-11-25T20:21:12","modified_gmt":"2020-11-25T19:21:12","slug":"gespraeche","status":"publish","type":"page","link":"https:\/\/emhuisken.de\/wordpress\/geisteswissenschaft\/beratung\/gespraeche\/","title":{"rendered":"Gespr\u00e4che"},"content":{"rendered":"<div class=\"pdfprnt-buttons pdfprnt-buttons-page pdfprnt-top-right\"><a href=\"https:\/\/emhuisken.de\/wordpress\/wp-json\/wp\/v2\/pages\/890?print=print\" class=\"pdfprnt-button pdfprnt-button-print\" target=\"_blank\" ><img decoding=\"async\" src=\"https:\/\/emhuisken.de\/wordpress\/wp-content\/plugins\/pdf-print\/images\/print.png\" alt=\"image_print\" title=\"Print Content\" \/><span class=\"pdfprnt-button-title pdfprnt-button-print-title\">F\u00fcr l\u00e4ngere Texte empfehle ich vorherigen Ausdruck<\/span><\/a><\/div><p>In einem wirklichen <strong>Gespr\u00e4ch<\/strong> erleben wir ein <strong>Urph\u00e4nomen des Sozialen<\/strong>: Lauschen auf den anderen und ihm in seinen Gedanken folgen, uns selbst vergessen und in ihn eintauchen wechselt mit dem Wachen f\u00fcr uns selbst, das eigene zur Geltung bringen.<\/p>\n<p>Beides ist notwendig: fehlt das Lauschen, entsteht Kampf, fehlt das eigene wache Tun, so verfliesst das Gespr\u00e4ch in Stille und Einsamkeit.<\/p>\n<h5><strong>Wir brauchen einander.<\/strong><\/h5>\n<p>Ohne Gespr\u00e4ch, ohne das gemeinsame WORT bleiben wir stehen, vertrocknen, verdorren.<\/p>\n<h5><strong>Erkenntnisgespr\u00e4che<\/strong><\/h5>\n<p>mit meiner Beteiligung finden regelm\u00e4\u00dfig statt im Rahmen von geisteswissenschaftlichen Arbeitsgruppen.&nbsp; Sie dienen der gemeinsamen Suche nach Wahrheit. Falls Sie Interesse haben, fragen Sie gerne an.<\/p>\n<h5>Beratungsgespr\u00e4che<\/h5>\n<p>gehen mehr auf die Individuelle Situation desjenigen ein, der solche Gespr\u00e4che sucht oder braucht. Sie sollen Hilfen bieten zur Selbstfindung und Selbst-Entwicklung und Unterst\u00fctzung bei zielgerichteter Aktion. Hierf\u00fcr stehe ich auf Anfrage gerne zur Verf\u00fcgung; N\u00e4heres unter dem Punkt &#8222;<a href=\"https:\/\/emhuisken.de\/wordpress\/geisteswissenschaft\/beratung\/\" target=\"_blank\" rel=\"noopener noreferrer\">Beratung und Vortr\u00e4ge<\/a>&#8222;.<\/p>\n","protected":false},"excerpt":{"rendered":"<p>In einem wirklichen Gespr\u00e4ch erleben wir ein Urph\u00e4nomen des Sozialen: Lauschen auf den anderen und ihm in seinen Gedanken folgen, uns selbst vergessen und in ihn eintauchen wechselt mit dem Wachen f\u00fcr uns selbst, das eigene zur Geltung bringen. Beides ist notwendig: fehlt das Lauschen, entsteht Kampf, fehlt das eigene wache Tun, so verfliesst [&#8230;]<\/p>\n","protected":false},"author":1,"featured_media":0,"parent":912,"menu_order":0,"comment_status":"open","ping_status":"closed","template":"","meta":{"footnotes":""},"categories":[267],"tags":[221,268,207,209,315,222,229],"class_list":["post-890","page","type-page","status-publish","hentry","category-geisteswissenschaft","tag-anthroposophie","tag-beratung","tag-geisteswissenschaft","tag-gespraeche","tag-projekte","tag-rudolf-steiner","tag-vortraege"],"yoast_head":"<!-- This site is optimized with the Yoast SEO plugin v27.4 - https:\/\/yoast.com\/product\/yoast-seo-wordpress\/ -->\n<title>Gespr\u00e4che - Musik \u2013 Wort \u2013 Geisteswissenschaft<\/title>\n<meta name=\"description\" content=\"In einem wirklichen Gespr\u00e4ch erleben wir ein Urph\u00e4nomen des Sozialen: Lauschen auf den anderen und ihm in seinen Gedanken folgen\" \/>\n<meta name=\"robots\" content=\"index, follow, max-snippet:-1, max-image-preview:large, max-video-preview:-1\" \/>\n<link rel=\"canonical\" href=\"https:\/\/emhuisken.de\/wordpress\/geisteswissenschaft\/beratung\/gespraeche\/\" \/>\n<meta property=\"og:locale\" content=\"de_DE\" \/>\n<meta property=\"og:type\" content=\"article\" \/>\n<meta property=\"og:title\" content=\"Gespr\u00e4che - Musik \u2013 Wort \u2013 Geisteswissenschaft\" \/>\n<meta property=\"og:description\" content=\"In einem wirklichen Gespr\u00e4ch erleben wir ein Urph\u00e4nomen des Sozialen: Lauschen auf den anderen und ihm in seinen Gedanken folgen\" \/>\n<meta property=\"og:url\" content=\"https:\/\/emhuisken.de\/wordpress\/geisteswissenschaft\/beratung\/gespraeche\/\" \/>\n<meta property=\"og:site_name\" content=\"Musik \u2013 Wort \u2013 Geisteswissenschaft\" \/>\n<meta property=\"article:modified_time\" content=\"2020-11-25T19:21:12+00:00\" \/>\n<meta name=\"twitter:card\" content=\"summary_large_image\" \/>\n<meta name=\"twitter:label1\" content=\"Gesch\u00e4tzte Lesezeit\" \/>\n\t<meta name=\"twitter:data1\" content=\"1\u00a0Minute\" \/>\n<script type=\"application\/ld+json\" class=\"yoast-schema-graph\">{\"@context\":\"https:\\\/\\\/schema.org\",\"@graph\":[{\"@type\":\"WebPage\",\"@id\":\"https:\\\/\\\/emhuisken.de\\\/wordpress\\\/geisteswissenschaft\\\/beratung\\\/gespraeche\\\/\",\"url\":\"https:\\\/\\\/emhuisken.de\\\/wordpress\\\/geisteswissenschaft\\\/beratung\\\/gespraeche\\\/\",\"name\":\"Gespr\u00e4che - Musik \u2013 Wort \u2013 Geisteswissenschaft\",\"isPartOf\":{\"@id\":\"https:\\\/\\\/emhuisken.de\\\/wordpress\\\/#website\"},\"datePublished\":\"2014-07-04T19:52:03+00:00\",\"dateModified\":\"2020-11-25T19:21:12+00:00\",\"description\":\"In einem wirklichen Gespr\u00e4ch erleben wir ein Urph\u00e4nomen des Sozialen: Lauschen auf den anderen und ihm in seinen Gedanken folgen\",\"breadcrumb\":{\"@id\":\"https:\\\/\\\/emhuisken.de\\\/wordpress\\\/geisteswissenschaft\\\/beratung\\\/gespraeche\\\/#breadcrumb\"},\"inLanguage\":\"de\",\"potentialAction\":[{\"@type\":\"ReadAction\",\"target\":[\"https:\\\/\\\/emhuisken.de\\\/wordpress\\\/geisteswissenschaft\\\/beratung\\\/gespraeche\\\/\"]}]},{\"@type\":\"BreadcrumbList\",\"@id\":\"https:\\\/\\\/emhuisken.de\\\/wordpress\\\/geisteswissenschaft\\\/beratung\\\/gespraeche\\\/#breadcrumb\",\"itemListElement\":[{\"@type\":\"ListItem\",\"position\":1,\"name\":\"Home\",\"item\":\"https:\\\/\\\/emhuisken.de\\\/wordpress\\\/\"},{\"@type\":\"ListItem\",\"position\":2,\"name\":\"Geisteswissenschaft\",\"item\":\"https:\\\/\\\/emhuisken.de\\\/wordpress\\\/geisteswissenschaft\\\/\"},{\"@type\":\"ListItem\",\"position\":3,\"name\":\"Beratung und Vortr\u00e4ge\",\"item\":\"https:\\\/\\\/emhuisken.de\\\/wordpress\\\/geisteswissenschaft\\\/beratung\\\/\"},{\"@type\":\"ListItem\",\"position\":4,\"name\":\"Gespr\u00e4che\"}]},{\"@type\":\"WebSite\",\"@id\":\"https:\\\/\\\/emhuisken.de\\\/wordpress\\\/#website\",\"url\":\"https:\\\/\\\/emhuisken.de\\\/wordpress\\\/\",\"name\":\"Musik \u2013 Wort \u2013 Geisteswissenschaft\",\"description\":\"Ton-, Wort-, Gedankenkunst\",\"publisher\":{\"@id\":\"https:\\\/\\\/emhuisken.de\\\/wordpress\\\/#organization\"},\"potentialAction\":[{\"@type\":\"SearchAction\",\"target\":{\"@type\":\"EntryPoint\",\"urlTemplate\":\"https:\\\/\\\/emhuisken.de\\\/wordpress\\\/?s={search_term_string}\"},\"query-input\":{\"@type\":\"PropertyValueSpecification\",\"valueRequired\":true,\"valueName\":\"search_term_string\"}}],\"inLanguage\":\"de\"},{\"@type\":\"Organization\",\"@id\":\"https:\\\/\\\/emhuisken.de\\\/wordpress\\\/#organization\",\"name\":\"Musik \u2013 Wort \u2013 Geisteswissenschaft\",\"url\":\"https:\\\/\\\/emhuisken.de\\\/wordpress\\\/\",\"logo\":{\"@type\":\"ImageObject\",\"inLanguage\":\"de\",\"@id\":\"https:\\\/\\\/emhuisken.de\\\/wordpress\\\/#\\\/schema\\\/logo\\\/image\\\/\",\"url\":\"https:\\\/\\\/emhuisken.de\\\/wordpress\\\/wp-content\\\/uploads\\\/2014\\\/10\\\/eh_logo_schatten_240x66-1.png\",\"contentUrl\":\"https:\\\/\\\/emhuisken.de\\\/wordpress\\\/wp-content\\\/uploads\\\/2014\\\/10\\\/eh_logo_schatten_240x66-1.png\",\"width\":240,\"height\":66,\"caption\":\"Musik \u2013 Wort \u2013 Geisteswissenschaft\"},\"image\":{\"@id\":\"https:\\\/\\\/emhuisken.de\\\/wordpress\\\/#\\\/schema\\\/logo\\\/image\\\/\"}}]}<\/script>\n<!-- \/ Yoast SEO plugin. -->","yoast_head_json":{"title":"Gespr\u00e4che - Musik \u2013 Wort \u2013 Geisteswissenschaft","description":"In einem wirklichen Gespr\u00e4ch erleben wir ein Urph\u00e4nomen des Sozialen: Lauschen auf den anderen und ihm in seinen Gedanken folgen","robots":{"index":"index","follow":"follow","max-snippet":"max-snippet:-1","max-image-preview":"max-image-preview:large","max-video-preview":"max-video-preview:-1"},"canonical":"https:\/\/emhuisken.de\/wordpress\/geisteswissenschaft\/beratung\/gespraeche\/","og_locale":"de_DE","og_type":"article","og_title":"Gespr\u00e4che - Musik \u2013 Wort \u2013 Geisteswissenschaft","og_description":"In einem wirklichen Gespr\u00e4ch erleben wir ein Urph\u00e4nomen des Sozialen: Lauschen auf den anderen und ihm in seinen Gedanken folgen","og_url":"https:\/\/emhuisken.de\/wordpress\/geisteswissenschaft\/beratung\/gespraeche\/","og_site_name":"Musik \u2013 Wort \u2013 Geisteswissenschaft","article_modified_time":"2020-11-25T19:21:12+00:00","twitter_card":"summary_large_image","twitter_misc":{"Gesch\u00e4tzte Lesezeit":"1\u00a0Minute"},"schema":{"@context":"https:\/\/schema.org","@graph":[{"@type":"WebPage","@id":"https:\/\/emhuisken.de\/wordpress\/geisteswissenschaft\/beratung\/gespraeche\/","url":"https:\/\/emhuisken.de\/wordpress\/geisteswissenschaft\/beratung\/gespraeche\/","name":"Gespr\u00e4che - Musik \u2013 Wort \u2013 Geisteswissenschaft","isPartOf":{"@id":"https:\/\/emhuisken.de\/wordpress\/#website"},"datePublished":"2014-07-04T19:52:03+00:00","dateModified":"2020-11-25T19:21:12+00:00","description":"In einem wirklichen Gespr\u00e4ch erleben wir ein Urph\u00e4nomen des Sozialen: Lauschen auf den anderen und ihm in seinen Gedanken folgen","breadcrumb":{"@id":"https:\/\/emhuisken.de\/wordpress\/geisteswissenschaft\/beratung\/gespraeche\/#breadcrumb"},"inLanguage":"de","potentialAction":[{"@type":"ReadAction","target":["https:\/\/emhuisken.de\/wordpress\/geisteswissenschaft\/beratung\/gespraeche\/"]}]},{"@type":"BreadcrumbList","@id":"https:\/\/emhuisken.de\/wordpress\/geisteswissenschaft\/beratung\/gespraeche\/#breadcrumb","itemListElement":[{"@type":"ListItem","position":1,"name":"Home","item":"https:\/\/emhuisken.de\/wordpress\/"},{"@type":"ListItem","position":2,"name":"Geisteswissenschaft","item":"https:\/\/emhuisken.de\/wordpress\/geisteswissenschaft\/"},{"@type":"ListItem","position":3,"name":"Beratung und Vortr\u00e4ge","item":"https:\/\/emhuisken.de\/wordpress\/geisteswissenschaft\/beratung\/"},{"@type":"ListItem","position":4,"name":"Gespr\u00e4che"}]},{"@type":"WebSite","@id":"https:\/\/emhuisken.de\/wordpress\/#website","url":"https:\/\/emhuisken.de\/wordpress\/","name":"Musik \u2013 Wort \u2013 Geisteswissenschaft","description":"Ton-, Wort-, Gedankenkunst","publisher":{"@id":"https:\/\/emhuisken.de\/wordpress\/#organization"},"potentialAction":[{"@type":"SearchAction","target":{"@type":"EntryPoint","urlTemplate":"https:\/\/emhuisken.de\/wordpress\/?s={search_term_string}"},"query-input":{"@type":"PropertyValueSpecification","valueRequired":true,"valueName":"search_term_string"}}],"inLanguage":"de"},{"@type":"Organization","@id":"https:\/\/emhuisken.de\/wordpress\/#organization","name":"Musik \u2013 Wort \u2013 Geisteswissenschaft","url":"https:\/\/emhuisken.de\/wordpress\/","logo":{"@type":"ImageObject","inLanguage":"de","@id":"https:\/\/emhuisken.de\/wordpress\/#\/schema\/logo\/image\/","url":"https:\/\/emhuisken.de\/wordpress\/wp-content\/uploads\/2014\/10\/eh_logo_schatten_240x66-1.png","contentUrl":"https:\/\/emhuisken.de\/wordpress\/wp-content\/uploads\/2014\/10\/eh_logo_schatten_240x66-1.png","width":240,"height":66,"caption":"Musik \u2013 Wort \u2013 Geisteswissenschaft"},"image":{"@id":"https:\/\/emhuisken.de\/wordpress\/#\/schema\/logo\/image\/"}}]}},"_links":{"self":[{"href":"https:\/\/emhuisken.de\/wordpress\/wp-json\/wp\/v2\/pages\/890","targetHints":{"allow":["GET"]}}],"collection":[{"href":"https:\/\/emhuisken.de\/wordpress\/wp-json\/wp\/v2\/pages"}],"about":[{"href":"https:\/\/emhuisken.de\/wordpress\/wp-json\/wp\/v2\/types\/page"}],"author":[{"embeddable":true,"href":"https:\/\/emhuisken.de\/wordpress\/wp-json\/wp\/v2\/users\/1"}],"replies":[{"embeddable":true,"href":"https:\/\/emhuisken.de\/wordpress\/wp-json\/wp\/v2\/comments?post=890"}],"version-history":[{"count":10,"href":"https:\/\/emhuisken.de\/wordpress\/wp-json\/wp\/v2\/pages\/890\/revisions"}],"predecessor-version":[{"id":2455,"href":"https:\/\/emhuisken.de\/wordpress\/wp-json\/wp\/v2\/pages\/890\/revisions\/2455"}],"up":[{"embeddable":true,"href":"https:\/\/emhuisken.de\/wordpress\/wp-json\/wp\/v2\/pages\/912"}],"wp:attachment":[{"href":"https:\/\/emhuisken.de\/wordpress\/wp-json\/wp\/v2\/media?parent=890"}],"wp:term":[{"taxonomy":"category","embeddable":true,"href":"https:\/\/emhuisken.de\/wordpress\/wp-json\/wp\/v2\/categories?post=890"},{"taxonomy":"post_tag","embeddable":true,"href":"https:\/\/emhuisken.de\/wordpress\/wp-json\/wp\/v2\/tags?post=890"}],"curies":[{"name":"wp","href":"https:\/\/api.w.org\/{rel}","templated":true}]}}