{"id":3809,"date":"2023-03-02T00:06:24","date_gmt":"2023-03-01T23:06:24","guid":{"rendered":"https:\/\/emhuisken.de\/wordpress\/?page_id=3809"},"modified":"2024-10-24T20:24:02","modified_gmt":"2024-10-24T19:24:02","slug":"mitwirkende-schottisch-friesische-freiheit","status":"publish","type":"page","link":"https:\/\/emhuisken.de\/wordpress\/schottisch-friesische-freiheit-klaenge-von-moor-und-meehr\/mitwirkende-schottisch-friesische-freiheit\/","title":{"rendered":"Mitwirkende Schottisch-Friesische Freiheit"},"content":{"rendered":"<div class=\"pdfprnt-buttons pdfprnt-buttons-page pdfprnt-top-right\"><a href=\"https:\/\/emhuisken.de\/wordpress\/wp-json\/wp\/v2\/pages\/3809?print=print\" class=\"pdfprnt-button pdfprnt-button-print\" target=\"_blank\" ><img decoding=\"async\" src=\"https:\/\/emhuisken.de\/wordpress\/wp-content\/plugins\/pdf-print\/images\/print.png\" alt=\"image_print\" title=\"Print Content\" \/><span class=\"pdfprnt-button-title pdfprnt-button-print-title\">F\u00fcr l\u00e4ngere Texte empfehle ich vorherigen Ausdruck<\/span><\/a><\/div><div class=\"wp-block-image\">\n<figure class=\"alignright size-large is-resized\"><a href=\"https:\/\/emhuisken.de\/wordpress\/wp-content\/uploads\/2023\/02\/Moorland-Pipes-an-Drums_thumb.jpg\"><img loading=\"lazy\" decoding=\"async\" width=\"1024\" height=\"529\" src=\"https:\/\/emhuisken.de\/wordpress\/wp-content\/uploads\/2023\/02\/Moorland-Pipes-an-Drums_thumb-1024x529.jpg\" alt=\"Projekt Mitwirkende Moorland Pipes and Drums\" class=\"wp-image-3780\" style=\"width:360px;height:186px\" srcset=\"https:\/\/emhuisken.de\/wordpress\/wp-content\/uploads\/2023\/02\/Moorland-Pipes-an-Drums_thumb-1024x529.jpg 1024w, https:\/\/emhuisken.de\/wordpress\/wp-content\/uploads\/2023\/02\/Moorland-Pipes-an-Drums_thumb-300x155.jpg 300w, https:\/\/emhuisken.de\/wordpress\/wp-content\/uploads\/2023\/02\/Moorland-Pipes-an-Drums_thumb-768x397.jpg 768w, https:\/\/emhuisken.de\/wordpress\/wp-content\/uploads\/2023\/02\/Moorland-Pipes-an-Drums_thumb-600x310.jpg 600w, https:\/\/emhuisken.de\/wordpress\/wp-content\/uploads\/2023\/02\/Moorland-Pipes-an-Drums_thumb-1536x794.jpg 1536w, https:\/\/emhuisken.de\/wordpress\/wp-content\/uploads\/2023\/02\/Moorland-Pipes-an-Drums_thumb-400x207.jpg 400w, https:\/\/emhuisken.de\/wordpress\/wp-content\/uploads\/2023\/02\/Moorland-Pipes-an-Drums_thumb-735x380.jpg 735w, https:\/\/emhuisken.de\/wordpress\/wp-content\/uploads\/2023\/02\/Moorland-Pipes-an-Drums_thumb-200x103.jpg 200w, https:\/\/emhuisken.de\/wordpress\/wp-content\/uploads\/2023\/02\/Moorland-Pipes-an-Drums_thumb.jpg 1800w\" sizes=\"auto, (max-width: 1024px) 100vw, 1024px\" \/><\/a><\/figure>\n<\/div>\n\n\n<h3 class=\"wp-block-heading\">Moorland Pipes an Drums<\/h3>\n\n\n\n<p>Die MOORLAND PIPES and DRUMS (bis 2018 &#8222;THE MOORLAND PIPERS&#8220;) &#8211; spielen traditionelle schottische Dudelsackmusik, genauso wie man sie von den &#8222;Pipes and Drums&#8220; aus den Highlands kennt.<\/p>\n\n\n\n<p>Unsere Dudelsackspieler und Trommler kommen aus dem Einzugsbereich rund um den Jadebusen von Aurich bis Cuxhaven.<br>Wem bei St\u00fccken wie &#8222;Amazing Grace&#8220;, &#8222;Highland Cathedral&#8220; oder &#8222;Scotland The Brave&#8220; die Augen feucht werden und eine G\u00e4nsehaut den R\u00fccken herunterl\u00e4uft, der sollte die Band mit ihrem abwechslungsreichen Repertoire auf keinen Fall verpassen!<\/p>\n\n\n\n<p>Bei der Leiterin der Moorland Pipes an Drums, Heike B\u00fcsing, laufen viele organisatorische F\u00e4den f\u00fcr das Projekt \u201eSchottisch-Friesische Freiheit\u201c zusammen.<\/p>\n\n\n\n<p>Website: <a href=\"http:\/\/moorland-pipes-and-drums.de\" target=\"_blank\" rel=\"noreferrer noopener\">moorland-pipes-and-drums.de<\/a><br>Kontakt: <a href=\"mailto:Heike.Buesing@directbox.com\">Heike.Buesing@directbox.com<\/a><\/p>\n\n\n\n<h3 class=\"wp-block-heading\">Petra Fuchs <\/h3>\n\n\n<div class=\"wp-block-image\">\n<figure class=\"alignright size-large is-resized\"><a href=\"https:\/\/emhuisken.de\/wordpress\/wp-content\/uploads\/2023\/02\/Petra-Fuchs_thumb.jpg\"><img loading=\"lazy\" decoding=\"async\" width=\"1024\" height=\"683\" src=\"https:\/\/emhuisken.de\/wordpress\/wp-content\/uploads\/2023\/02\/Petra-Fuchs_thumb-1024x683.jpg\" alt=\"Projekt Mitwirkende Petra Fuchs\" class=\"wp-image-3782\" style=\"width:201px;height:133px\" srcset=\"https:\/\/emhuisken.de\/wordpress\/wp-content\/uploads\/2023\/02\/Petra-Fuchs_thumb-1024x683.jpg 1024w, https:\/\/emhuisken.de\/wordpress\/wp-content\/uploads\/2023\/02\/Petra-Fuchs_thumb-300x200.jpg 300w, https:\/\/emhuisken.de\/wordpress\/wp-content\/uploads\/2023\/02\/Petra-Fuchs_thumb-768x512.jpg 768w, https:\/\/emhuisken.de\/wordpress\/wp-content\/uploads\/2023\/02\/Petra-Fuchs_thumb-600x400.jpg 600w, https:\/\/emhuisken.de\/wordpress\/wp-content\/uploads\/2023\/02\/Petra-Fuchs_thumb-400x267.jpg 400w, https:\/\/emhuisken.de\/wordpress\/wp-content\/uploads\/2023\/02\/Petra-Fuchs_thumb-90x60.jpg 90w, https:\/\/emhuisken.de\/wordpress\/wp-content\/uploads\/2023\/02\/Petra-Fuchs_thumb-570x380.jpg 570w, https:\/\/emhuisken.de\/wordpress\/wp-content\/uploads\/2023\/02\/Petra-Fuchs_thumb-200x133.jpg 200w, https:\/\/emhuisken.de\/wordpress\/wp-content\/uploads\/2023\/02\/Petra-Fuchs_thumb.jpg 1200w\" sizes=\"auto, (max-width: 1024px) 100vw, 1024px\" \/><\/a><\/figure>\n<\/div>\n\n\n<p>Petra Fuchs wurde in Ostfriesland und dar\u00fcber hinaus bekannt als langj\u00e4hrige S\u00e4ngerin der Folkband LAWAY. Inzwischen hat sie sich andere T\u00e4tigkeitsschwerpunkte gew\u00e4hlt.<\/p>\n\n\n\n<p>Unter anderem leitet sie auch den Chorus LokEmotion in Jever, der als Ganzes oder durch einige Mitglieder bei manchen Konzerten der \u201eSchottisch-Friesischen Freiheit\u201c mitgewirkt hat.<\/p>\n\n\n\n<h3 class=\"wp-block-heading\">Duo jank frison<\/h3>\n\n\n<div class=\"wp-block-image\">\n<figure class=\"alignright size-large is-resized\"><a href=\"https:\/\/emhuisken.de\/wordpress\/wp-content\/uploads\/2023\/02\/jank-frison_thumb.jpg\"><img loading=\"lazy\" decoding=\"async\" width=\"1024\" height=\"718\" src=\"https:\/\/emhuisken.de\/wordpress\/wp-content\/uploads\/2023\/02\/jank-frison_thumb-1024x718.jpg\" alt=\"Projekt Mitwirkende jank frison\" class=\"wp-image-3779\" style=\"width:267px;height:186px\" srcset=\"https:\/\/emhuisken.de\/wordpress\/wp-content\/uploads\/2023\/02\/jank-frison_thumb-1024x718.jpg 1024w, https:\/\/emhuisken.de\/wordpress\/wp-content\/uploads\/2023\/02\/jank-frison_thumb-300x210.jpg 300w, https:\/\/emhuisken.de\/wordpress\/wp-content\/uploads\/2023\/02\/jank-frison_thumb-768x538.jpg 768w, https:\/\/emhuisken.de\/wordpress\/wp-content\/uploads\/2023\/02\/jank-frison_thumb-600x421.jpg 600w, https:\/\/emhuisken.de\/wordpress\/wp-content\/uploads\/2023\/02\/jank-frison_thumb-400x280.jpg 400w, https:\/\/emhuisken.de\/wordpress\/wp-content\/uploads\/2023\/02\/jank-frison_thumb-542x380.jpg 542w, https:\/\/emhuisken.de\/wordpress\/wp-content\/uploads\/2023\/02\/jank-frison_thumb-200x140.jpg 200w, https:\/\/emhuisken.de\/wordpress\/wp-content\/uploads\/2023\/02\/jank-frison_thumb.jpg 1200w\" sizes=\"auto, (max-width: 1024px) 100vw, 1024px\" \/><\/a><\/figure>\n<\/div>\n\n\n<p>Seit 2013 arbeiten Heike B\u00fcsing (gleichzeitig Leiterin der Moorland Pipes and Drums) und Stefan Carl em Huisken musikalisch zusammen unter dem Namen \u201ejank frison\u201c, was soviel hei\u00dft wie \u201eSchmachtende Leidenschaft f\u00fcr alles Friesische\u201c, vor allem musikalisch, und mit bretonisch-keltischem Einschlag. Das Projekt hatte zeitweise mehr Mitglieder, stabil dabei  ist das heutige Duo, das auch eine eigene <a href=\"https:\/\/emhuisken.de\/wordpress\/produkt\/cd-fraeiske-soang\/\">CD<\/a> mit dem Titel \u201eFr\u00e4iske Soang\u201c herausgebracht hat.<\/p>\n\n\n\n<p>Leiter des Duos ist Stefan Carl em Huisken, von dem auch Kompositionen und Arrangements f\u00fcr das Duo stammen. Er spielt Akkordeon, Gitarre, Bombarde (bretonische Volksschalmei) und singt. Heike B\u00fcsing zeigt die ganze Vielfalt der Dudels\u00e4cke: Highland Bagpipes, Small Pipe, Sch\u00e4ferpfeife, manchmal auch noch andere Varianten.<\/p>\n\n\n\n<p>Stefan Carl em Huisken hat au\u00dferdem die musikalische Gesamtleitung des Projektes \u201eSchottisch-Friesische Freiheit\u201c \u00fcbernommen.<\/p>\n\n\n\n<p>Website: <a href=\"http:\/\/jank-frison.de\" target=\"_blank\" rel=\"noreferrer noopener\">jank-frison.de<\/a><br>Kontakt: <a href=\"mailto:info@jankfrison.de\">info@jankfrison.de<\/a><\/p>\n\n\n\n<h3 class=\"wp-block-heading\">Moorland Small Pipes an Friends<\/h3>\n\n\n<div class=\"wp-block-image\">\n<figure class=\"alignright size-large is-resized\"><a href=\"https:\/\/emhuisken.de\/wordpress\/wp-content\/uploads\/2023\/02\/Moorland-Smallpipes-an-Friends_thumb.jpg\"><img loading=\"lazy\" decoding=\"async\" width=\"1024\" height=\"683\" src=\"https:\/\/emhuisken.de\/wordpress\/wp-content\/uploads\/2023\/02\/Moorland-Smallpipes-an-Friends_thumb-1024x683.jpg\" alt=\"Projekt Mitwirkende Moorland Small Pipes and Friends\" class=\"wp-image-3781\" style=\"width:258px;height:172px\" srcset=\"https:\/\/emhuisken.de\/wordpress\/wp-content\/uploads\/2023\/02\/Moorland-Smallpipes-an-Friends_thumb-1024x683.jpg 1024w, https:\/\/emhuisken.de\/wordpress\/wp-content\/uploads\/2023\/02\/Moorland-Smallpipes-an-Friends_thumb-300x200.jpg 300w, https:\/\/emhuisken.de\/wordpress\/wp-content\/uploads\/2023\/02\/Moorland-Smallpipes-an-Friends_thumb-768x512.jpg 768w, https:\/\/emhuisken.de\/wordpress\/wp-content\/uploads\/2023\/02\/Moorland-Smallpipes-an-Friends_thumb-600x400.jpg 600w, https:\/\/emhuisken.de\/wordpress\/wp-content\/uploads\/2023\/02\/Moorland-Smallpipes-an-Friends_thumb-400x267.jpg 400w, https:\/\/emhuisken.de\/wordpress\/wp-content\/uploads\/2023\/02\/Moorland-Smallpipes-an-Friends_thumb-90x60.jpg 90w, https:\/\/emhuisken.de\/wordpress\/wp-content\/uploads\/2023\/02\/Moorland-Smallpipes-an-Friends_thumb-570x380.jpg 570w, https:\/\/emhuisken.de\/wordpress\/wp-content\/uploads\/2023\/02\/Moorland-Smallpipes-an-Friends_thumb-200x133.jpg 200w, https:\/\/emhuisken.de\/wordpress\/wp-content\/uploads\/2023\/02\/Moorland-Smallpipes-an-Friends_thumb.jpg 1200w\" sizes=\"auto, (max-width: 1024px) 100vw, 1024px\" \/><\/a><\/figure>\n<\/div>\n\n\n<p>Diese Formation hat sich erst in unserem Projekt zusammengefunden und besteht aus Mitgliedern aller anderen beteiligten Gruppen. Es spielen Heike B\u00fcsing und Gerda L\u00fccken (Moorland Pipes an Drums, beide Small Pipes), Johann Reents (Gitarre; Chorus LokEmotion) und Stefan Carl em Huisken (Akkordeon, Gitarre; Duo jank frison), hin und wieder Petra Fuchs (Fl\u00f6te, Bodhran).<\/p>\n\n\n\n<p>Kontakt: \u00fcber die Moorland Pipes and Drums (siehe oben)<\/p>\n\n\n\n<h3 class=\"wp-block-heading\">Veranstaltungsservice Derk Trei<\/h3>\n\n\n<div class=\"wp-block-image\">\n<figure class=\"alignright size-full\"><a href=\"https:\/\/emhuisken.de\/wordpress\/wp-content\/uploads\/2023\/03\/grafik.png\"><img loading=\"lazy\" decoding=\"async\" width=\"123\" height=\"123\" src=\"https:\/\/emhuisken.de\/wordpress\/wp-content\/uploads\/2023\/03\/grafik.png\" alt=\"\" class=\"wp-image-3819\" srcset=\"https:\/\/emhuisken.de\/wordpress\/wp-content\/uploads\/2023\/03\/grafik.png 123w, https:\/\/emhuisken.de\/wordpress\/wp-content\/uploads\/2023\/03\/grafik-80x80.png 80w, https:\/\/emhuisken.de\/wordpress\/wp-content\/uploads\/2023\/03\/grafik-100x100.png 100w\" sizes=\"auto, (max-width: 123px) 100vw, 123px\" \/><\/a><\/figure>\n<\/div>\n\n\n<p>Ein Projekt wie dieses wird unrealisierbar ohne eine ausgefeilte, qualitativ hochwertige Veranstaltungstechnik und die entsprechenden Techniker. Bei der \u201eSchottisch-Friesischen Freiheit\u201c war von Anfang an der Veranstaltungsservice Derk Trei mit im Boot, der auch den Benefizgedanken des ersten Konzertes in Moordorf voll mitgetragen hat. Ein wirklich unverzichtbarer Mitwirkender!<\/p>\n\n\n\n<p>Website: Veranstaltungsservice Derk Trei<br>Kontakt: <a href=\"mailto:derktrei@aol.com\" target=\"_blank\" rel=\"noreferrer noopener\">derktrei@aol.com<\/a><\/p>\n","protected":false},"excerpt":{"rendered":"<p> Moorland Pipes an Drums Die MOORLAND PIPES and DRUMS (bis 2018 &#8222;THE MOORLAND PIPERS&#8220;) &#8211; spielen traditionelle schottische Dudelsackmusik, genauso wie man sie von den &#8222;Pipes and Drums&#8220; aus den Highlands kennt. Unsere Dudelsackspieler und Trommler kommen aus dem Einzugsbereich rund um den Jadebusen von Aurich bis Cuxhaven.Wem bei St\u00fccken wie &#8222;Amazing Grace&#8220;, [&#8230;]<\/p>\n","protected":false},"author":1,"featured_media":0,"parent":3788,"menu_order":0,"comment_status":"closed","ping_status":"closed","template":"","meta":{"footnotes":""},"categories":[482],"tags":[147,485,315,483],"class_list":["post-3809","page","type-page","status-publish","hentry","category-schottisch-friesische-freiheit","tag-jank-frison","tag-mitwirkende","tag-projekte","tag-schottisch-friesische-freiheit"],"yoast_head":"<!-- This site is optimized with the Yoast SEO plugin v27.3 - https:\/\/yoast.com\/product\/yoast-seo-wordpress\/ -->\n<title>Mitwirkende Schottisch-Friesische Freiheit<\/title>\n<meta name=\"description\" content=\"Hier finden Sie die Mitwirkenden im Projekt \u201eSchottisch-Friesische Freiheit\u201c mit Infos und Kontaktdaten zusammengestellt.\" \/>\n<meta name=\"robots\" content=\"index, follow, max-snippet:-1, max-image-preview:large, max-video-preview:-1\" \/>\n<link rel=\"canonical\" href=\"https:\/\/emhuisken.de\/wordpress\/schottisch-friesische-freiheit-klaenge-von-moor-und-meehr\/mitwirkende-schottisch-friesische-freiheit\/\" \/>\n<meta property=\"og:locale\" content=\"de_DE\" \/>\n<meta property=\"og:type\" content=\"article\" \/>\n<meta property=\"og:title\" content=\"Mitwirkende Schottisch-Friesische Freiheit\" \/>\n<meta property=\"og:description\" content=\"Hier finden Sie die Mitwirkenden im Projekt \u201eSchottisch-Friesische Freiheit\u201c mit Infos und Kontaktdaten zusammengestellt.\" \/>\n<meta property=\"og:url\" content=\"https:\/\/emhuisken.de\/wordpress\/schottisch-friesische-freiheit-klaenge-von-moor-und-meehr\/mitwirkende-schottisch-friesische-freiheit\/\" \/>\n<meta property=\"og:site_name\" content=\"Musik \u2013 Wort \u2013 Geisteswissenschaft\" \/>\n<meta property=\"article:modified_time\" content=\"2024-10-24T19:24:02+00:00\" \/>\n<meta property=\"og:image\" content=\"https:\/\/emhuisken.de\/wordpress\/wp-content\/uploads\/2023\/02\/Moorland-Pipes-an-Drums_thumb.jpg\" \/>\n\t<meta property=\"og:image:width\" content=\"1800\" \/>\n\t<meta property=\"og:image:height\" content=\"930\" \/>\n\t<meta property=\"og:image:type\" content=\"image\/jpeg\" \/>\n<meta name=\"twitter:card\" content=\"summary_large_image\" \/>\n<meta name=\"twitter:label1\" content=\"Gesch\u00e4tzte Lesezeit\" \/>\n\t<meta name=\"twitter:data1\" content=\"4\u00a0Minuten\" \/>\n<script type=\"application\/ld+json\" class=\"yoast-schema-graph\">{\"@context\":\"https:\\\/\\\/schema.org\",\"@graph\":[{\"@type\":\"WebPage\",\"@id\":\"https:\\\/\\\/emhuisken.de\\\/wordpress\\\/schottisch-friesische-freiheit-klaenge-von-moor-und-meehr\\\/mitwirkende-schottisch-friesische-freiheit\\\/\",\"url\":\"https:\\\/\\\/emhuisken.de\\\/wordpress\\\/schottisch-friesische-freiheit-klaenge-von-moor-und-meehr\\\/mitwirkende-schottisch-friesische-freiheit\\\/\",\"name\":\"Mitwirkende Schottisch-Friesische Freiheit\",\"isPartOf\":{\"@id\":\"https:\\\/\\\/emhuisken.de\\\/wordpress\\\/#website\"},\"primaryImageOfPage\":{\"@id\":\"https:\\\/\\\/emhuisken.de\\\/wordpress\\\/schottisch-friesische-freiheit-klaenge-von-moor-und-meehr\\\/mitwirkende-schottisch-friesische-freiheit\\\/#primaryimage\"},\"image\":{\"@id\":\"https:\\\/\\\/emhuisken.de\\\/wordpress\\\/schottisch-friesische-freiheit-klaenge-von-moor-und-meehr\\\/mitwirkende-schottisch-friesische-freiheit\\\/#primaryimage\"},\"thumbnailUrl\":\"https:\\\/\\\/emhuisken.de\\\/wordpress\\\/wp-content\\\/uploads\\\/2023\\\/02\\\/Moorland-Pipes-an-Drums_thumb-1024x529.jpg\",\"datePublished\":\"2023-03-01T23:06:24+00:00\",\"dateModified\":\"2024-10-24T19:24:02+00:00\",\"description\":\"Hier finden Sie die Mitwirkenden im Projekt \u201eSchottisch-Friesische Freiheit\u201c mit Infos und Kontaktdaten zusammengestellt.\",\"breadcrumb\":{\"@id\":\"https:\\\/\\\/emhuisken.de\\\/wordpress\\\/schottisch-friesische-freiheit-klaenge-von-moor-und-meehr\\\/mitwirkende-schottisch-friesische-freiheit\\\/#breadcrumb\"},\"inLanguage\":\"de\",\"potentialAction\":[{\"@type\":\"ReadAction\",\"target\":[\"https:\\\/\\\/emhuisken.de\\\/wordpress\\\/schottisch-friesische-freiheit-klaenge-von-moor-und-meehr\\\/mitwirkende-schottisch-friesische-freiheit\\\/\"]}]},{\"@type\":\"ImageObject\",\"inLanguage\":\"de\",\"@id\":\"https:\\\/\\\/emhuisken.de\\\/wordpress\\\/schottisch-friesische-freiheit-klaenge-von-moor-und-meehr\\\/mitwirkende-schottisch-friesische-freiheit\\\/#primaryimage\",\"url\":\"https:\\\/\\\/emhuisken.de\\\/wordpress\\\/wp-content\\\/uploads\\\/2023\\\/02\\\/Moorland-Pipes-an-Drums_thumb.jpg\",\"contentUrl\":\"https:\\\/\\\/emhuisken.de\\\/wordpress\\\/wp-content\\\/uploads\\\/2023\\\/02\\\/Moorland-Pipes-an-Drums_thumb.jpg\",\"width\":1800,\"height\":930},{\"@type\":\"BreadcrumbList\",\"@id\":\"https:\\\/\\\/emhuisken.de\\\/wordpress\\\/schottisch-friesische-freiheit-klaenge-von-moor-und-meehr\\\/mitwirkende-schottisch-friesische-freiheit\\\/#breadcrumb\",\"itemListElement\":[{\"@type\":\"ListItem\",\"position\":1,\"name\":\"Home\",\"item\":\"https:\\\/\\\/emhuisken.de\\\/wordpress\\\/\"},{\"@type\":\"ListItem\",\"position\":2,\"name\":\"Schottisch-Friesische Freiheit \u2013 Kl\u00e4nge von Moor und Mee(h)r\",\"item\":\"https:\\\/\\\/emhuisken.de\\\/wordpress\\\/schottisch-friesische-freiheit-klaenge-von-moor-und-meehr\\\/\"},{\"@type\":\"ListItem\",\"position\":3,\"name\":\"Mitwirkende Schottisch-Friesische Freiheit\"}]},{\"@type\":\"WebSite\",\"@id\":\"https:\\\/\\\/emhuisken.de\\\/wordpress\\\/#website\",\"url\":\"https:\\\/\\\/emhuisken.de\\\/wordpress\\\/\",\"name\":\"Musik \u2013 Wort \u2013 Geisteswissenschaft\",\"description\":\"Ton-, Wort-, Gedankenkunst\",\"publisher\":{\"@id\":\"https:\\\/\\\/emhuisken.de\\\/wordpress\\\/#organization\"},\"potentialAction\":[{\"@type\":\"SearchAction\",\"target\":{\"@type\":\"EntryPoint\",\"urlTemplate\":\"https:\\\/\\\/emhuisken.de\\\/wordpress\\\/?s={search_term_string}\"},\"query-input\":{\"@type\":\"PropertyValueSpecification\",\"valueRequired\":true,\"valueName\":\"search_term_string\"}}],\"inLanguage\":\"de\"},{\"@type\":\"Organization\",\"@id\":\"https:\\\/\\\/emhuisken.de\\\/wordpress\\\/#organization\",\"name\":\"Musik \u2013 Wort \u2013 Geisteswissenschaft\",\"url\":\"https:\\\/\\\/emhuisken.de\\\/wordpress\\\/\",\"logo\":{\"@type\":\"ImageObject\",\"inLanguage\":\"de\",\"@id\":\"https:\\\/\\\/emhuisken.de\\\/wordpress\\\/#\\\/schema\\\/logo\\\/image\\\/\",\"url\":\"https:\\\/\\\/emhuisken.de\\\/wordpress\\\/wp-content\\\/uploads\\\/2014\\\/10\\\/eh_logo_schatten_240x66-1.png\",\"contentUrl\":\"https:\\\/\\\/emhuisken.de\\\/wordpress\\\/wp-content\\\/uploads\\\/2014\\\/10\\\/eh_logo_schatten_240x66-1.png\",\"width\":240,\"height\":66,\"caption\":\"Musik \u2013 Wort \u2013 Geisteswissenschaft\"},\"image\":{\"@id\":\"https:\\\/\\\/emhuisken.de\\\/wordpress\\\/#\\\/schema\\\/logo\\\/image\\\/\"}}]}<\/script>\n<!-- \/ Yoast SEO plugin. -->","yoast_head_json":{"title":"Mitwirkende Schottisch-Friesische Freiheit","description":"Hier finden Sie die Mitwirkenden im Projekt \u201eSchottisch-Friesische Freiheit\u201c mit Infos und Kontaktdaten zusammengestellt.","robots":{"index":"index","follow":"follow","max-snippet":"max-snippet:-1","max-image-preview":"max-image-preview:large","max-video-preview":"max-video-preview:-1"},"canonical":"https:\/\/emhuisken.de\/wordpress\/schottisch-friesische-freiheit-klaenge-von-moor-und-meehr\/mitwirkende-schottisch-friesische-freiheit\/","og_locale":"de_DE","og_type":"article","og_title":"Mitwirkende Schottisch-Friesische Freiheit","og_description":"Hier finden Sie die Mitwirkenden im Projekt \u201eSchottisch-Friesische Freiheit\u201c mit Infos und Kontaktdaten zusammengestellt.","og_url":"https:\/\/emhuisken.de\/wordpress\/schottisch-friesische-freiheit-klaenge-von-moor-und-meehr\/mitwirkende-schottisch-friesische-freiheit\/","og_site_name":"Musik \u2013 Wort \u2013 Geisteswissenschaft","article_modified_time":"2024-10-24T19:24:02+00:00","og_image":[{"width":1800,"height":930,"url":"https:\/\/emhuisken.de\/wordpress\/wp-content\/uploads\/2023\/02\/Moorland-Pipes-an-Drums_thumb.jpg","type":"image\/jpeg"}],"twitter_card":"summary_large_image","twitter_misc":{"Gesch\u00e4tzte Lesezeit":"4\u00a0Minuten"},"schema":{"@context":"https:\/\/schema.org","@graph":[{"@type":"WebPage","@id":"https:\/\/emhuisken.de\/wordpress\/schottisch-friesische-freiheit-klaenge-von-moor-und-meehr\/mitwirkende-schottisch-friesische-freiheit\/","url":"https:\/\/emhuisken.de\/wordpress\/schottisch-friesische-freiheit-klaenge-von-moor-und-meehr\/mitwirkende-schottisch-friesische-freiheit\/","name":"Mitwirkende Schottisch-Friesische Freiheit","isPartOf":{"@id":"https:\/\/emhuisken.de\/wordpress\/#website"},"primaryImageOfPage":{"@id":"https:\/\/emhuisken.de\/wordpress\/schottisch-friesische-freiheit-klaenge-von-moor-und-meehr\/mitwirkende-schottisch-friesische-freiheit\/#primaryimage"},"image":{"@id":"https:\/\/emhuisken.de\/wordpress\/schottisch-friesische-freiheit-klaenge-von-moor-und-meehr\/mitwirkende-schottisch-friesische-freiheit\/#primaryimage"},"thumbnailUrl":"https:\/\/emhuisken.de\/wordpress\/wp-content\/uploads\/2023\/02\/Moorland-Pipes-an-Drums_thumb-1024x529.jpg","datePublished":"2023-03-01T23:06:24+00:00","dateModified":"2024-10-24T19:24:02+00:00","description":"Hier finden Sie die Mitwirkenden im Projekt \u201eSchottisch-Friesische Freiheit\u201c mit Infos und Kontaktdaten zusammengestellt.","breadcrumb":{"@id":"https:\/\/emhuisken.de\/wordpress\/schottisch-friesische-freiheit-klaenge-von-moor-und-meehr\/mitwirkende-schottisch-friesische-freiheit\/#breadcrumb"},"inLanguage":"de","potentialAction":[{"@type":"ReadAction","target":["https:\/\/emhuisken.de\/wordpress\/schottisch-friesische-freiheit-klaenge-von-moor-und-meehr\/mitwirkende-schottisch-friesische-freiheit\/"]}]},{"@type":"ImageObject","inLanguage":"de","@id":"https:\/\/emhuisken.de\/wordpress\/schottisch-friesische-freiheit-klaenge-von-moor-und-meehr\/mitwirkende-schottisch-friesische-freiheit\/#primaryimage","url":"https:\/\/emhuisken.de\/wordpress\/wp-content\/uploads\/2023\/02\/Moorland-Pipes-an-Drums_thumb.jpg","contentUrl":"https:\/\/emhuisken.de\/wordpress\/wp-content\/uploads\/2023\/02\/Moorland-Pipes-an-Drums_thumb.jpg","width":1800,"height":930},{"@type":"BreadcrumbList","@id":"https:\/\/emhuisken.de\/wordpress\/schottisch-friesische-freiheit-klaenge-von-moor-und-meehr\/mitwirkende-schottisch-friesische-freiheit\/#breadcrumb","itemListElement":[{"@type":"ListItem","position":1,"name":"Home","item":"https:\/\/emhuisken.de\/wordpress\/"},{"@type":"ListItem","position":2,"name":"Schottisch-Friesische Freiheit \u2013 Kl\u00e4nge von Moor und Mee(h)r","item":"https:\/\/emhuisken.de\/wordpress\/schottisch-friesische-freiheit-klaenge-von-moor-und-meehr\/"},{"@type":"ListItem","position":3,"name":"Mitwirkende Schottisch-Friesische Freiheit"}]},{"@type":"WebSite","@id":"https:\/\/emhuisken.de\/wordpress\/#website","url":"https:\/\/emhuisken.de\/wordpress\/","name":"Musik \u2013 Wort \u2013 Geisteswissenschaft","description":"Ton-, Wort-, Gedankenkunst","publisher":{"@id":"https:\/\/emhuisken.de\/wordpress\/#organization"},"potentialAction":[{"@type":"SearchAction","target":{"@type":"EntryPoint","urlTemplate":"https:\/\/emhuisken.de\/wordpress\/?s={search_term_string}"},"query-input":{"@type":"PropertyValueSpecification","valueRequired":true,"valueName":"search_term_string"}}],"inLanguage":"de"},{"@type":"Organization","@id":"https:\/\/emhuisken.de\/wordpress\/#organization","name":"Musik \u2013 Wort \u2013 Geisteswissenschaft","url":"https:\/\/emhuisken.de\/wordpress\/","logo":{"@type":"ImageObject","inLanguage":"de","@id":"https:\/\/emhuisken.de\/wordpress\/#\/schema\/logo\/image\/","url":"https:\/\/emhuisken.de\/wordpress\/wp-content\/uploads\/2014\/10\/eh_logo_schatten_240x66-1.png","contentUrl":"https:\/\/emhuisken.de\/wordpress\/wp-content\/uploads\/2014\/10\/eh_logo_schatten_240x66-1.png","width":240,"height":66,"caption":"Musik \u2013 Wort \u2013 Geisteswissenschaft"},"image":{"@id":"https:\/\/emhuisken.de\/wordpress\/#\/schema\/logo\/image\/"}}]}},"_links":{"self":[{"href":"https:\/\/emhuisken.de\/wordpress\/wp-json\/wp\/v2\/pages\/3809","targetHints":{"allow":["GET"]}}],"collection":[{"href":"https:\/\/emhuisken.de\/wordpress\/wp-json\/wp\/v2\/pages"}],"about":[{"href":"https:\/\/emhuisken.de\/wordpress\/wp-json\/wp\/v2\/types\/page"}],"author":[{"embeddable":true,"href":"https:\/\/emhuisken.de\/wordpress\/wp-json\/wp\/v2\/users\/1"}],"replies":[{"embeddable":true,"href":"https:\/\/emhuisken.de\/wordpress\/wp-json\/wp\/v2\/comments?post=3809"}],"version-history":[{"count":9,"href":"https:\/\/emhuisken.de\/wordpress\/wp-json\/wp\/v2\/pages\/3809\/revisions"}],"predecessor-version":[{"id":4484,"href":"https:\/\/emhuisken.de\/wordpress\/wp-json\/wp\/v2\/pages\/3809\/revisions\/4484"}],"up":[{"embeddable":true,"href":"https:\/\/emhuisken.de\/wordpress\/wp-json\/wp\/v2\/pages\/3788"}],"wp:attachment":[{"href":"https:\/\/emhuisken.de\/wordpress\/wp-json\/wp\/v2\/media?parent=3809"}],"wp:term":[{"taxonomy":"category","embeddable":true,"href":"https:\/\/emhuisken.de\/wordpress\/wp-json\/wp\/v2\/categories?post=3809"},{"taxonomy":"post_tag","embeddable":true,"href":"https:\/\/emhuisken.de\/wordpress\/wp-json\/wp\/v2\/tags?post=3809"}],"curies":[{"name":"wp","href":"https:\/\/api.w.org\/{rel}","templated":true}]}}