{"id":2861,"date":"2021-10-20T11:30:02","date_gmt":"2021-10-20T10:30:02","guid":{"rendered":"https:\/\/emhuisken.de\/wordpress\/?page_id=2861"},"modified":"2023-03-19T19:15:17","modified_gmt":"2023-03-19T18:15:17","slug":"duo-jank-frison","status":"publish","type":"page","link":"https:\/\/emhuisken.de\/wordpress\/duo-jank-frison\/","title":{"rendered":"Duo jank frison"},"content":{"rendered":"<div class=\"pdfprnt-buttons pdfprnt-buttons-page pdfprnt-top-right\"><a href=\"https:\/\/emhuisken.de\/wordpress\/wp-json\/wp\/v2\/pages\/2861?print=print\" class=\"pdfprnt-button pdfprnt-button-print\" target=\"_blank\" ><img decoding=\"async\" src=\"https:\/\/emhuisken.de\/wordpress\/wp-content\/plugins\/pdf-print\/images\/print.png\" alt=\"image_print\" title=\"Print Content\" \/><span class=\"pdfprnt-button-title pdfprnt-button-print-title\">F\u00fcr l\u00e4ngere Texte empfehle ich vorherigen Ausdruck<\/span><\/a><\/div>\n<p><strong>jank frison<\/strong> sind derzeit <em>Heike B\u00fcsing<\/em> (Great Highland Bagpipes, Scottish Small Pipes, Sch\u00e4ferpfeife, Biniou kozh, Krummhorn) und <em>Stefan Carl em Huisken<\/em> (Gesang, Akkordeon, Bombarde, bretonische Oboe, Gitarre).<\/p>\n\n\n\n<p>Sie spielen neue friesische Musik, die sich an der keltisch gepr\u00e4gten Musizierweise der Bretagne orientiert. F\u00fcr besondere F\u00e4lle sind auch einige bretonische Originalmelodien im Programm. <strong>jank frison<\/strong> greift die dort gelungene Integration alter Traditionen mit einer neuen, eigenst\u00e4ndigen und lebendigen Volkskultur als Vorbild f\u00fcr friesische Verh\u00e4ltnisse auf.<\/p>\n\n\n\n<p>Die Texte von<strong> jank frison<\/strong> stehen in Saterfriesischer oder ostfriesischer Sprache (Oostfreeske Taal \u2013 die besondere ostfriesische Variante des Niederdeutschen), soweit nicht \u00fcberlieferte Originaltexte zum Zuge kommen. Diese Sprachen passen ideal zur Musik des Duos.<\/p>\n\n\n\n<p>\u00dcber andere Aktivit\u00e4ten von <em><a href=\"https:\/\/emhuisken.de\/wordpress\/uebermich\/\" target=\"_blank\" rel=\"noreferrer noopener\">Stefan Carl em Huisken<\/a><\/em> erfahren Sie mehr auf dieser Website \u2013 schauen Sie sich um!<\/p>\n\n\n<div class=\"wp-block-image is-style-default\">\n<figure class=\"alignright is-resized\"><a href=\"https:\/\/moorland-pipes-and-drums.de\"><img loading=\"lazy\" decoding=\"async\" src=\"https:\/\/moorland-pipes-and-drums.de\/images\/mpad\/gruppenfoto_2021.jpg\" alt=\"Moorland Pipes an Drums 2021 - Hinweis bei jank frison\" width=\"264\" height=\"111\"\/><\/a><\/figure>\n<\/div>\n\n\n<p>Heike B\u00fcsing ist vielf\u00e4ltig in Sachen Dudelsack unterwegs; unter anderem leitet sie die <a href=\"http:\/\/moorland-pipes-and-drums.de\" target=\"_blank\" rel=\"noreferrer noopener\">MOORLAND PIPES and DRUMS<\/a>. <\/p>\n\n\n\n<p>Alle Beitr\u00e4ge auf dieser Website zu jank frison finden Sie <a href=\"https:\/\/emhuisken.de\/wordpress\/themen\/musik\/jankfrison\/\" target=\"_blank\" rel=\"noreferrer noopener\">=&gt;hier<\/a><\/p>\n\n\n\n<h3 class=\"wp-block-heading\">Anstehende Veranstaltungen<\/h3>\n\n\n<div class=\"em em-view-container\" id=\"em-view-47011400\" data-view=\"list\">\r\n\t<div class=\"em pixelbones em-list em-events-list\" id=\"em-events-list-47011400\" data-view-id=\"47011400\">\r\n\tKeine  Veranstaltungen\t<\/div>\r\n<\/div>\n","protected":false},"excerpt":{"rendered":"<p> jank frison sind derzeit Heike B\u00fcsing (Great Highland Bagpipes, Scottish Small Pipes, Sch\u00e4ferpfeife, Biniou kozh, Krummhorn) und Stefan Carl em Huisken (Gesang, Akkordeon, Bombarde, bretonische Oboe, Gitarre). Sie spielen neue friesische Musik, die sich an der keltisch gepr\u00e4gten Musizierweise der Bretagne orientiert. F\u00fcr besondere F\u00e4lle sind auch einige bretonische Originalmelodien im Programm. jank [&#8230;]<\/p>\n","protected":false},"author":1,"featured_media":0,"parent":0,"menu_order":0,"comment_status":"closed","ping_status":"closed","template":"","meta":{"footnotes":""},"categories":[417],"tags":[195,276,186,487,301,147,278],"class_list":["post-2861","page","type-page","status-publish","hentry","category-jankfrison","tag-bretonisch","tag-friesisch","tag-friesisch-bretonisch","tag-friesisch-keltisch","tag-friesische-musik","tag-jank-frison","tag-saterfriesisch"],"yoast_head":"<!-- This site is optimized with the Yoast SEO plugin v27.4 - https:\/\/yoast.com\/product\/yoast-seo-wordpress\/ -->\n<title>Duo jank frison \u2013 Friesisch-bretonische Grooves und Ges\u00e4nge<\/title>\n<meta name=\"description\" content=\"Duo jank frison \u2013 Friesisch-bretonische Grooves und Ges\u00e4nge, inspiriert von bretonischer Musik und mit Texten in friesischer Sprache\" \/>\n<meta name=\"robots\" content=\"index, follow, max-snippet:-1, max-image-preview:large, max-video-preview:-1\" \/>\n<link rel=\"canonical\" href=\"https:\/\/emhuisken.de\/wordpress\/duo-jank-frison\/\" \/>\n<meta property=\"og:locale\" content=\"de_DE\" \/>\n<meta property=\"og:type\" content=\"article\" \/>\n<meta property=\"og:title\" content=\"Duo jank frison \u2013 Friesisch-bretonische Grooves und Ges\u00e4nge\" \/>\n<meta property=\"og:description\" content=\"Duo jank frison \u2013 Friesisch-bretonische Grooves und Ges\u00e4nge, inspiriert von bretonischer Musik und mit Texten in friesischer Sprache\" \/>\n<meta property=\"og:url\" content=\"https:\/\/emhuisken.de\/wordpress\/duo-jank-frison\/\" \/>\n<meta property=\"og:site_name\" content=\"Musik \u2013 Wort \u2013 Geisteswissenschaft\" \/>\n<meta property=\"article:modified_time\" content=\"2023-03-19T18:15:17+00:00\" \/>\n<meta property=\"og:image\" content=\"https:\/\/moorland-pipes-and-drums.de\/images\/mpad\/gruppenfoto_2021.jpg\" \/>\n<meta name=\"twitter:card\" content=\"summary_large_image\" \/>\n<meta name=\"twitter:label1\" content=\"Gesch\u00e4tzte Lesezeit\" \/>\n\t<meta name=\"twitter:data1\" content=\"2\u00a0Minuten\" \/>\n<script type=\"application\/ld+json\" class=\"yoast-schema-graph\">{\"@context\":\"https:\\\/\\\/schema.org\",\"@graph\":[{\"@type\":\"WebPage\",\"@id\":\"https:\\\/\\\/emhuisken.de\\\/wordpress\\\/duo-jank-frison\\\/\",\"url\":\"https:\\\/\\\/emhuisken.de\\\/wordpress\\\/duo-jank-frison\\\/\",\"name\":\"Duo jank frison \u2013 Friesisch-bretonische Grooves und Ges\u00e4nge\",\"isPartOf\":{\"@id\":\"https:\\\/\\\/emhuisken.de\\\/wordpress\\\/#website\"},\"primaryImageOfPage\":{\"@id\":\"https:\\\/\\\/emhuisken.de\\\/wordpress\\\/duo-jank-frison\\\/#primaryimage\"},\"image\":{\"@id\":\"https:\\\/\\\/emhuisken.de\\\/wordpress\\\/duo-jank-frison\\\/#primaryimage\"},\"thumbnailUrl\":\"https:\\\/\\\/moorland-pipes-and-drums.de\\\/images\\\/mpad\\\/gruppenfoto_2021.jpg\",\"datePublished\":\"2021-10-20T10:30:02+00:00\",\"dateModified\":\"2023-03-19T18:15:17+00:00\",\"description\":\"Duo jank frison \u2013 Friesisch-bretonische Grooves und Ges\u00e4nge, inspiriert von bretonischer Musik und mit Texten in friesischer Sprache\",\"breadcrumb\":{\"@id\":\"https:\\\/\\\/emhuisken.de\\\/wordpress\\\/duo-jank-frison\\\/#breadcrumb\"},\"inLanguage\":\"de\",\"potentialAction\":[{\"@type\":\"ReadAction\",\"target\":[\"https:\\\/\\\/emhuisken.de\\\/wordpress\\\/duo-jank-frison\\\/\"]}]},{\"@type\":\"ImageObject\",\"inLanguage\":\"de\",\"@id\":\"https:\\\/\\\/emhuisken.de\\\/wordpress\\\/duo-jank-frison\\\/#primaryimage\",\"url\":\"https:\\\/\\\/moorland-pipes-and-drums.de\\\/images\\\/mpad\\\/gruppenfoto_2021.jpg\",\"contentUrl\":\"https:\\\/\\\/moorland-pipes-and-drums.de\\\/images\\\/mpad\\\/gruppenfoto_2021.jpg\"},{\"@type\":\"BreadcrumbList\",\"@id\":\"https:\\\/\\\/emhuisken.de\\\/wordpress\\\/duo-jank-frison\\\/#breadcrumb\",\"itemListElement\":[{\"@type\":\"ListItem\",\"position\":1,\"name\":\"Home\",\"item\":\"https:\\\/\\\/emhuisken.de\\\/wordpress\\\/\"},{\"@type\":\"ListItem\",\"position\":2,\"name\":\"Duo jank frison\"}]},{\"@type\":\"WebSite\",\"@id\":\"https:\\\/\\\/emhuisken.de\\\/wordpress\\\/#website\",\"url\":\"https:\\\/\\\/emhuisken.de\\\/wordpress\\\/\",\"name\":\"Musik \u2013 Wort \u2013 Geisteswissenschaft\",\"description\":\"Ton-, Wort-, Gedankenkunst\",\"publisher\":{\"@id\":\"https:\\\/\\\/emhuisken.de\\\/wordpress\\\/#organization\"},\"potentialAction\":[{\"@type\":\"SearchAction\",\"target\":{\"@type\":\"EntryPoint\",\"urlTemplate\":\"https:\\\/\\\/emhuisken.de\\\/wordpress\\\/?s={search_term_string}\"},\"query-input\":{\"@type\":\"PropertyValueSpecification\",\"valueRequired\":true,\"valueName\":\"search_term_string\"}}],\"inLanguage\":\"de\"},{\"@type\":\"Organization\",\"@id\":\"https:\\\/\\\/emhuisken.de\\\/wordpress\\\/#organization\",\"name\":\"Musik \u2013 Wort \u2013 Geisteswissenschaft\",\"url\":\"https:\\\/\\\/emhuisken.de\\\/wordpress\\\/\",\"logo\":{\"@type\":\"ImageObject\",\"inLanguage\":\"de\",\"@id\":\"https:\\\/\\\/emhuisken.de\\\/wordpress\\\/#\\\/schema\\\/logo\\\/image\\\/\",\"url\":\"https:\\\/\\\/emhuisken.de\\\/wordpress\\\/wp-content\\\/uploads\\\/2014\\\/10\\\/eh_logo_schatten_240x66-1.png\",\"contentUrl\":\"https:\\\/\\\/emhuisken.de\\\/wordpress\\\/wp-content\\\/uploads\\\/2014\\\/10\\\/eh_logo_schatten_240x66-1.png\",\"width\":240,\"height\":66,\"caption\":\"Musik \u2013 Wort \u2013 Geisteswissenschaft\"},\"image\":{\"@id\":\"https:\\\/\\\/emhuisken.de\\\/wordpress\\\/#\\\/schema\\\/logo\\\/image\\\/\"}}]}<\/script>\n<!-- \/ Yoast SEO plugin. -->","yoast_head_json":{"title":"Duo jank frison \u2013 Friesisch-bretonische Grooves und Ges\u00e4nge","description":"Duo jank frison \u2013 Friesisch-bretonische Grooves und Ges\u00e4nge, inspiriert von bretonischer Musik und mit Texten in friesischer Sprache","robots":{"index":"index","follow":"follow","max-snippet":"max-snippet:-1","max-image-preview":"max-image-preview:large","max-video-preview":"max-video-preview:-1"},"canonical":"https:\/\/emhuisken.de\/wordpress\/duo-jank-frison\/","og_locale":"de_DE","og_type":"article","og_title":"Duo jank frison \u2013 Friesisch-bretonische Grooves und Ges\u00e4nge","og_description":"Duo jank frison \u2013 Friesisch-bretonische Grooves und Ges\u00e4nge, inspiriert von bretonischer Musik und mit Texten in friesischer Sprache","og_url":"https:\/\/emhuisken.de\/wordpress\/duo-jank-frison\/","og_site_name":"Musik \u2013 Wort \u2013 Geisteswissenschaft","article_modified_time":"2023-03-19T18:15:17+00:00","og_image":[{"url":"https:\/\/moorland-pipes-and-drums.de\/images\/mpad\/gruppenfoto_2021.jpg","type":"","width":"","height":""}],"twitter_card":"summary_large_image","twitter_misc":{"Gesch\u00e4tzte Lesezeit":"2\u00a0Minuten"},"schema":{"@context":"https:\/\/schema.org","@graph":[{"@type":"WebPage","@id":"https:\/\/emhuisken.de\/wordpress\/duo-jank-frison\/","url":"https:\/\/emhuisken.de\/wordpress\/duo-jank-frison\/","name":"Duo jank frison \u2013 Friesisch-bretonische Grooves und Ges\u00e4nge","isPartOf":{"@id":"https:\/\/emhuisken.de\/wordpress\/#website"},"primaryImageOfPage":{"@id":"https:\/\/emhuisken.de\/wordpress\/duo-jank-frison\/#primaryimage"},"image":{"@id":"https:\/\/emhuisken.de\/wordpress\/duo-jank-frison\/#primaryimage"},"thumbnailUrl":"https:\/\/moorland-pipes-and-drums.de\/images\/mpad\/gruppenfoto_2021.jpg","datePublished":"2021-10-20T10:30:02+00:00","dateModified":"2023-03-19T18:15:17+00:00","description":"Duo jank frison \u2013 Friesisch-bretonische Grooves und Ges\u00e4nge, inspiriert von bretonischer Musik und mit Texten in friesischer Sprache","breadcrumb":{"@id":"https:\/\/emhuisken.de\/wordpress\/duo-jank-frison\/#breadcrumb"},"inLanguage":"de","potentialAction":[{"@type":"ReadAction","target":["https:\/\/emhuisken.de\/wordpress\/duo-jank-frison\/"]}]},{"@type":"ImageObject","inLanguage":"de","@id":"https:\/\/emhuisken.de\/wordpress\/duo-jank-frison\/#primaryimage","url":"https:\/\/moorland-pipes-and-drums.de\/images\/mpad\/gruppenfoto_2021.jpg","contentUrl":"https:\/\/moorland-pipes-and-drums.de\/images\/mpad\/gruppenfoto_2021.jpg"},{"@type":"BreadcrumbList","@id":"https:\/\/emhuisken.de\/wordpress\/duo-jank-frison\/#breadcrumb","itemListElement":[{"@type":"ListItem","position":1,"name":"Home","item":"https:\/\/emhuisken.de\/wordpress\/"},{"@type":"ListItem","position":2,"name":"Duo jank frison"}]},{"@type":"WebSite","@id":"https:\/\/emhuisken.de\/wordpress\/#website","url":"https:\/\/emhuisken.de\/wordpress\/","name":"Musik \u2013 Wort \u2013 Geisteswissenschaft","description":"Ton-, Wort-, Gedankenkunst","publisher":{"@id":"https:\/\/emhuisken.de\/wordpress\/#organization"},"potentialAction":[{"@type":"SearchAction","target":{"@type":"EntryPoint","urlTemplate":"https:\/\/emhuisken.de\/wordpress\/?s={search_term_string}"},"query-input":{"@type":"PropertyValueSpecification","valueRequired":true,"valueName":"search_term_string"}}],"inLanguage":"de"},{"@type":"Organization","@id":"https:\/\/emhuisken.de\/wordpress\/#organization","name":"Musik \u2013 Wort \u2013 Geisteswissenschaft","url":"https:\/\/emhuisken.de\/wordpress\/","logo":{"@type":"ImageObject","inLanguage":"de","@id":"https:\/\/emhuisken.de\/wordpress\/#\/schema\/logo\/image\/","url":"https:\/\/emhuisken.de\/wordpress\/wp-content\/uploads\/2014\/10\/eh_logo_schatten_240x66-1.png","contentUrl":"https:\/\/emhuisken.de\/wordpress\/wp-content\/uploads\/2014\/10\/eh_logo_schatten_240x66-1.png","width":240,"height":66,"caption":"Musik \u2013 Wort \u2013 Geisteswissenschaft"},"image":{"@id":"https:\/\/emhuisken.de\/wordpress\/#\/schema\/logo\/image\/"}}]}},"_links":{"self":[{"href":"https:\/\/emhuisken.de\/wordpress\/wp-json\/wp\/v2\/pages\/2861","targetHints":{"allow":["GET"]}}],"collection":[{"href":"https:\/\/emhuisken.de\/wordpress\/wp-json\/wp\/v2\/pages"}],"about":[{"href":"https:\/\/emhuisken.de\/wordpress\/wp-json\/wp\/v2\/types\/page"}],"author":[{"embeddable":true,"href":"https:\/\/emhuisken.de\/wordpress\/wp-json\/wp\/v2\/users\/1"}],"replies":[{"embeddable":true,"href":"https:\/\/emhuisken.de\/wordpress\/wp-json\/wp\/v2\/comments?post=2861"}],"version-history":[{"count":11,"href":"https:\/\/emhuisken.de\/wordpress\/wp-json\/wp\/v2\/pages\/2861\/revisions"}],"predecessor-version":[{"id":4047,"href":"https:\/\/emhuisken.de\/wordpress\/wp-json\/wp\/v2\/pages\/2861\/revisions\/4047"}],"wp:attachment":[{"href":"https:\/\/emhuisken.de\/wordpress\/wp-json\/wp\/v2\/media?parent=2861"}],"wp:term":[{"taxonomy":"category","embeddable":true,"href":"https:\/\/emhuisken.de\/wordpress\/wp-json\/wp\/v2\/categories?post=2861"},{"taxonomy":"post_tag","embeddable":true,"href":"https:\/\/emhuisken.de\/wordpress\/wp-json\/wp\/v2\/tags?post=2861"}],"curies":[{"name":"wp","href":"https:\/\/api.w.org\/{rel}","templated":true}]}}